{"id":868,"date":"2017-02-15T10:38:19","date_gmt":"2017-02-15T09:38:19","guid":{"rendered":"http:\/\/akita-frey.ch\/startseite\/"},"modified":"2024-12-02T12:34:34","modified_gmt":"2024-12-02T11:34:34","slug":"pagedaccueil","status":"publish","type":"page","link":"https:\/\/akita-frey.ch\/fr\/pagedaccueil\/","title":{"rendered":"Bienvenue sur notre site internet"},"content":{"rendered":"[vc_row][vc_column][vc_column_text]\n<h1>Bienvenue sur notre site internet<\/h1>\n[\/vc_column_text][vc_row_inner][vc_column_inner width=\u00a0\u00bb2\/3&Prime;][vc_column_text]Au travers de ce site, nous souhaitons vous pr\u00e9senter nos akitas mais aussi vous rapprocher de cette race fascinante.<br \/>\nNous vous souhaitons beaucoup de plaisir \u00e0 la visite de notre site.<br \/>\nSi vous avez des remarques ou des questions, nous y r\u00e9pondrons avec plaisir.[\/vc_column_text][\/vc_column_inner][vc_column_inner width=\u00a0\u00bb1\/3&Prime;][vc_single_image image=\u00a0\u00bb167&Prime; img_size=\u00a0\u00bbfull\u00a0\u00bb add_caption=\u00a0\u00bbyes\u00a0\u00bb alignment=\u00a0\u00bbright\u00a0\u00bb][\/vc_column_inner][\/vc_row_inner][\/vc_column][\/vc_row][vc_row el_class=\u00a0\u00bbhighlight\u00a0\u00bb][vc_column el_class=\u00a0\u00bbhighlight\u00a0\u00bb][vc_separator color=\u00a0\u00bbwhite\u00a0\u00bb][vc_column_text][\/vc_column_text][vc_row_inner][vc_column_inner width=\u00a0\u00bb1\/3&Prime;][vc_single_image image=\u00a0\u00bb1807&Prime; img_size=\u00a0\u00bbfull\u00a0\u00bb][\/vc_column_inner][vc_column_inner width=\u00a0\u00bb1\/3&Prime;][vc_single_image image=\u00a0\u00bb1823&Prime; img_size=\u00a0\u00bbfull\u00a0\u00bb][\/vc_column_inner][vc_column_inner width=\u00a0\u00bb1\/3&Prime;][vc_single_image image=\u00a0\u00bb1863&Prime; img_size=\u00a0\u00bbfull\u00a0\u00bb][\/vc_column_inner][\/vc_row_inner][vc_separator color=\u00a0\u00bbwhite\u00a0\u00bb][\/vc_column][\/vc_row][vc_row][vc_column][vc_empty_space][\/vc_column][\/vc_row][vc_row][vc_column width=\u00a0\u00bb1\/2&Prime;][vc_column_text]Nouveaut\u00e9s<\/p>\n<p>29\/09\/2024 : Orie Go donn\u00e9 naissance \u00e0 1 m\u00e2le \/ 4 femelles[\/vc_column_text][vc_single_image image=\u00a0\u00bb2230&Prime; alignment=\u00a0\u00bbright\u00a0\u00bb][vc_column_text]11\/09\/2024 : Sae Go donn\u00e9 naissance \u00e0 3 m\u00e2les \/ 1 femelle[\/vc_column_text][vc_single_image image=\u00a0\u00bb2233&Prime; alignment=\u00a0\u00bbright\u00a0\u00bb][vc_column_text][\/vc_column_text][\/vc_column][vc_column width=\u00a0\u00bb1\/2&Prime;][vc_single_image image=\u00a0\u00bb170&Prime; img_size=\u00a0\u00bbfull\u00a0\u00bb add_caption=\u00a0\u00bbyes\u00a0\u00bb alignment=\u00a0\u00bbright\u00a0\u00bb][\/vc_column][\/vc_row]\n","protected":false},"excerpt":{"rendered":"<p>[vc_row][vc_column][vc_column_text] Bienvenue sur notre site internet [\/vc_column_text][vc_row_inner][vc_column_inner width=\u00a0\u00bb2\/3&Prime;][vc_column_text]Au travers de ce site, nous souhaitons vous pr\u00e9senter nos akitas mais aussi vous rapprocher de cette race fascinante. Nous vous souhaitons beaucoup de plaisir \u00e0 la visite de notre site. Si vous avez des remarques ou des questions, nous y r\u00e9pondrons avec plaisir.[\/vc_column_text][\/vc_column_inner][vc_column_inner width=\u00a0\u00bb1\/3&Prime;][vc_single_image image=\u00a0\u00bb167&Prime; img_size=\u00a0\u00bbfull\u00a0\u00bb add_caption=\u00a0\u00bbyes\u00a0\u00bb alignment=\u00a0\u00bbright\u00a0\u00bb][\/vc_column_inner][\/vc_row_inner][\/vc_column][\/vc_row][vc_row el_class=\u00a0\u00bbhighlight\u00a0\u00bb][vc_column el_class=\u00a0\u00bbhighlight\u00a0\u00bb][vc_separator color=\u00a0\u00bbwhite\u00a0\u00bb][vc_column_text][\/vc_column_text][vc_row_inner][vc_column_inner width=\u00a0\u00bb1\/3&Prime;][vc_single_image image=\u00a0\u00bb1807&Prime; img_size=\u00a0\u00bbfull\u00a0\u00bb][\/vc_column_inner][vc_column_inner width=\u00a0\u00bb1\/3&Prime;][vc_single_image image=\u00a0\u00bb1823&Prime; img_size=\u00a0\u00bbfull\u00a0\u00bb][\/vc_column_inner][vc_column_inner width=\u00a0\u00bb1\/3&Prime;][vc_single_image image=\u00a0\u00bb1863&Prime; img_size=\u00a0\u00bbfull\u00a0\u00bb][\/vc_column_inner][\/vc_row_inner][vc_separator color=\u00a0\u00bbwhite\u00a0\u00bb][\/vc_column][\/vc_row][vc_row][vc_column][vc_empty_space][\/vc_column][\/vc_row][vc_row][vc_column width=\u00a0\u00bb1\/2&Prime;][vc_column_text]Nouveaut\u00e9s 29\/09\/2024 : Orie Go donn\u00e9 naissance \u00e0 1 m\u00e2le \/ 4 femelles[\/vc_column_text][vc_single_image image=\u00a0\u00bb2230&Prime; alignment=\u00a0\u00bbright\u00a0\u00bb][vc_column_text]11\/09\/2024 : Sae Go donn\u00e9 naissance \u00e0 3 m\u00e2les \/ 1 femelle[\/vc_column_text][vc_single_image image=\u00a0\u00bb2233&Prime; alignment=\u00a0\u00bbright\u00a0\u00bb][vc_column_text][\/vc_column_text][\/vc_column][vc_column width=\u00a0\u00bb1\/2&Prime;][vc_single_image image=\u00a0\u00bb170&Prime; img_size=\u00a0\u00bbfull\u00a0\u00bb add_caption=\u00a0\u00bbyes\u00a0\u00bb alignment=\u00a0\u00bbright\u00a0\u00bb][\/vc_column][\/vc_row]<\/p>\n","protected":false},"author":1,"featured_media":0,"parent":0,"menu_order":0,"comment_status":"closed","ping_status":"closed","template":"","meta":{"footnotes":""},"class_list":["post-868","page","type-page","status-publish","hentry","entry","post-inner"],"yoast_head":"<!-- This site is optimized with the Yoast SEO plugin v23.8 - https:\/\/yoast.com\/wordpress\/plugins\/seo\/ -->\n<title>Bienvenue sur notre site internet - akita-frey<\/title>\n<meta name=\"robots\" content=\"index, follow, max-snippet:-1, max-image-preview:large, max-video-preview:-1\" \/>\n<link rel=\"canonical\" href=\"https:\/\/akita-frey.ch\/fr\/pagedaccueil\/\" \/>\n<meta property=\"og:locale\" content=\"fr_FR\" \/>\n<meta property=\"og:type\" content=\"article\" \/>\n<meta property=\"og:title\" content=\"Bienvenue sur notre site internet - akita-frey\" \/>\n<meta property=\"og:description\" content=\"[vc_row][vc_column][vc_column_text] Bienvenue sur notre site internet [\/vc_column_text][vc_row_inner][vc_column_inner width=\u00a0\u00bb2\/3&Prime;][vc_column_text]Au travers de ce site, nous souhaitons vous pr\u00e9senter nos akitas mais aussi vous rapprocher de cette race fascinante. Nous vous souhaitons beaucoup de plaisir \u00e0 la visite de notre site. Si vous avez des remarques ou des questions, nous y r\u00e9pondrons avec plaisir.[\/vc_column_text][\/vc_column_inner][vc_column_inner width=\u00a0\u00bb1\/3&Prime;][vc_single_image image=\u00a0\u00bb167&Prime; img_size=\u00a0\u00bbfull\u00a0\u00bb add_caption=\u00a0\u00bbyes\u00a0\u00bb alignment=\u00a0\u00bbright\u00a0\u00bb][\/vc_column_inner][\/vc_row_inner][\/vc_column][\/vc_row][vc_row el_class=\u00a0\u00bbhighlight\u00a0\u00bb][vc_column el_class=\u00a0\u00bbhighlight\u00a0\u00bb][vc_separator color=\u00a0\u00bbwhite\u00a0\u00bb][vc_column_text][\/vc_column_text][vc_row_inner][vc_column_inner width=\u00a0\u00bb1\/3&Prime;][vc_single_image image=\u00a0\u00bb1807&Prime; img_size=\u00a0\u00bbfull\u00a0\u00bb][\/vc_column_inner][vc_column_inner width=\u00a0\u00bb1\/3&Prime;][vc_single_image image=\u00a0\u00bb1823&Prime; img_size=\u00a0\u00bbfull\u00a0\u00bb][\/vc_column_inner][vc_column_inner width=\u00a0\u00bb1\/3&Prime;][vc_single_image image=\u00a0\u00bb1863&Prime; img_size=\u00a0\u00bbfull\u00a0\u00bb][\/vc_column_inner][\/vc_row_inner][vc_separator color=\u00a0\u00bbwhite\u00a0\u00bb][\/vc_column][\/vc_row][vc_row][vc_column][vc_empty_space][\/vc_column][\/vc_row][vc_row][vc_column width=\u00a0\u00bb1\/2&Prime;][vc_column_text]Nouveaut\u00e9s 29\/09\/2024 : Orie Go donn\u00e9 naissance \u00e0 1 m\u00e2le \/ 4 femelles[\/vc_column_text][vc_single_image image=\u00a0\u00bb2230&Prime; alignment=\u00a0\u00bbright\u00a0\u00bb][vc_column_text]11\/09\/2024 : Sae Go donn\u00e9 naissance \u00e0 3 m\u00e2les \/ 1 femelle[\/vc_column_text][vc_single_image image=\u00a0\u00bb2233&Prime; alignment=\u00a0\u00bbright\u00a0\u00bb][vc_column_text][\/vc_column_text][\/vc_column][vc_column width=\u00a0\u00bb1\/2&Prime;][vc_single_image image=\u00a0\u00bb170&Prime; img_size=\u00a0\u00bbfull\u00a0\u00bb add_caption=\u00a0\u00bbyes\u00a0\u00bb alignment=\u00a0\u00bbright\u00a0\u00bb][\/vc_column][\/vc_row]\" \/>\n<meta property=\"og:url\" content=\"https:\/\/akita-frey.ch\/fr\/pagedaccueil\/\" \/>\n<meta property=\"og:site_name\" content=\"akita-frey\" \/>\n<meta property=\"article:modified_time\" content=\"2024-12-02T11:34:34+00:00\" \/>\n<meta name=\"twitter:card\" content=\"summary_large_image\" \/>\n<meta name=\"twitter:label1\" content=\"Dur\u00e9e de lecture estim\u00e9e\" \/>\n\t<meta name=\"twitter:data1\" content=\"3 minutes\" \/>\n<script type=\"application\/ld+json\" class=\"yoast-schema-graph\">{\"@context\":\"https:\/\/schema.org\",\"@graph\":[{\"@type\":\"WebPage\",\"@id\":\"https:\/\/akita-frey.ch\/fr\/pagedaccueil\/\",\"url\":\"https:\/\/akita-frey.ch\/fr\/pagedaccueil\/\",\"name\":\"Bienvenue sur notre site internet - akita-frey\",\"isPartOf\":{\"@id\":\"https:\/\/akita-frey.ch\/#website\"},\"datePublished\":\"2017-02-15T09:38:19+00:00\",\"dateModified\":\"2024-12-02T11:34:34+00:00\",\"breadcrumb\":{\"@id\":\"https:\/\/akita-frey.ch\/fr\/pagedaccueil\/#breadcrumb\"},\"inLanguage\":\"fr-FR\",\"potentialAction\":[{\"@type\":\"ReadAction\",\"target\":[\"https:\/\/akita-frey.ch\/fr\/pagedaccueil\/\"]}]},{\"@type\":\"BreadcrumbList\",\"@id\":\"https:\/\/akita-frey.ch\/fr\/pagedaccueil\/#breadcrumb\",\"itemListElement\":[{\"@type\":\"ListItem\",\"position\":1,\"name\":\"Startseite\",\"item\":\"https:\/\/akita-frey.ch\/fr\/\"},{\"@type\":\"ListItem\",\"position\":2,\"name\":\"Bienvenue sur notre site internet\"}]},{\"@type\":\"WebSite\",\"@id\":\"https:\/\/akita-frey.ch\/#website\",\"url\":\"https:\/\/akita-frey.ch\/\",\"name\":\"akita-frey\",\"description\":\"AKTIA INU OF IKENOHATADE\",\"potentialAction\":[{\"@type\":\"SearchAction\",\"target\":{\"@type\":\"EntryPoint\",\"urlTemplate\":\"https:\/\/akita-frey.ch\/?s={search_term_string}\"},\"query-input\":{\"@type\":\"PropertyValueSpecification\",\"valueRequired\":true,\"valueName\":\"search_term_string\"}}],\"inLanguage\":\"fr-FR\"}]}<\/script>\n<!-- \/ Yoast SEO plugin. -->","yoast_head_json":{"title":"Bienvenue sur notre site internet - akita-frey","robots":{"index":"index","follow":"follow","max-snippet":"max-snippet:-1","max-image-preview":"max-image-preview:large","max-video-preview":"max-video-preview:-1"},"canonical":"https:\/\/akita-frey.ch\/fr\/pagedaccueil\/","og_locale":"fr_FR","og_type":"article","og_title":"Bienvenue sur notre site internet - akita-frey","og_description":"[vc_row][vc_column][vc_column_text] Bienvenue sur notre site internet [\/vc_column_text][vc_row_inner][vc_column_inner width=\u00a0\u00bb2\/3&Prime;][vc_column_text]Au travers de ce site, nous souhaitons vous pr\u00e9senter nos akitas mais aussi vous rapprocher de cette race fascinante. Nous vous souhaitons beaucoup de plaisir \u00e0 la visite de notre site. Si vous avez des remarques ou des questions, nous y r\u00e9pondrons avec plaisir.[\/vc_column_text][\/vc_column_inner][vc_column_inner width=\u00a0\u00bb1\/3&Prime;][vc_single_image image=\u00a0\u00bb167&Prime; img_size=\u00a0\u00bbfull\u00a0\u00bb add_caption=\u00a0\u00bbyes\u00a0\u00bb alignment=\u00a0\u00bbright\u00a0\u00bb][\/vc_column_inner][\/vc_row_inner][\/vc_column][\/vc_row][vc_row el_class=\u00a0\u00bbhighlight\u00a0\u00bb][vc_column el_class=\u00a0\u00bbhighlight\u00a0\u00bb][vc_separator color=\u00a0\u00bbwhite\u00a0\u00bb][vc_column_text][\/vc_column_text][vc_row_inner][vc_column_inner width=\u00a0\u00bb1\/3&Prime;][vc_single_image image=\u00a0\u00bb1807&Prime; img_size=\u00a0\u00bbfull\u00a0\u00bb][\/vc_column_inner][vc_column_inner width=\u00a0\u00bb1\/3&Prime;][vc_single_image image=\u00a0\u00bb1823&Prime; img_size=\u00a0\u00bbfull\u00a0\u00bb][\/vc_column_inner][vc_column_inner width=\u00a0\u00bb1\/3&Prime;][vc_single_image image=\u00a0\u00bb1863&Prime; img_size=\u00a0\u00bbfull\u00a0\u00bb][\/vc_column_inner][\/vc_row_inner][vc_separator color=\u00a0\u00bbwhite\u00a0\u00bb][\/vc_column][\/vc_row][vc_row][vc_column][vc_empty_space][\/vc_column][\/vc_row][vc_row][vc_column width=\u00a0\u00bb1\/2&Prime;][vc_column_text]Nouveaut\u00e9s 29\/09\/2024 : Orie Go donn\u00e9 naissance \u00e0 1 m\u00e2le \/ 4 femelles[\/vc_column_text][vc_single_image image=\u00a0\u00bb2230&Prime; alignment=\u00a0\u00bbright\u00a0\u00bb][vc_column_text]11\/09\/2024 : Sae Go donn\u00e9 naissance \u00e0 3 m\u00e2les \/ 1 femelle[\/vc_column_text][vc_single_image image=\u00a0\u00bb2233&Prime; alignment=\u00a0\u00bbright\u00a0\u00bb][vc_column_text][\/vc_column_text][\/vc_column][vc_column width=\u00a0\u00bb1\/2&Prime;][vc_single_image image=\u00a0\u00bb170&Prime; img_size=\u00a0\u00bbfull\u00a0\u00bb add_caption=\u00a0\u00bbyes\u00a0\u00bb alignment=\u00a0\u00bbright\u00a0\u00bb][\/vc_column][\/vc_row]","og_url":"https:\/\/akita-frey.ch\/fr\/pagedaccueil\/","og_site_name":"akita-frey","article_modified_time":"2024-12-02T11:34:34+00:00","twitter_card":"summary_large_image","twitter_misc":{"Dur\u00e9e de lecture estim\u00e9e":"3 minutes"},"schema":{"@context":"https:\/\/schema.org","@graph":[{"@type":"WebPage","@id":"https:\/\/akita-frey.ch\/fr\/pagedaccueil\/","url":"https:\/\/akita-frey.ch\/fr\/pagedaccueil\/","name":"Bienvenue sur notre site internet - akita-frey","isPartOf":{"@id":"https:\/\/akita-frey.ch\/#website"},"datePublished":"2017-02-15T09:38:19+00:00","dateModified":"2024-12-02T11:34:34+00:00","breadcrumb":{"@id":"https:\/\/akita-frey.ch\/fr\/pagedaccueil\/#breadcrumb"},"inLanguage":"fr-FR","potentialAction":[{"@type":"ReadAction","target":["https:\/\/akita-frey.ch\/fr\/pagedaccueil\/"]}]},{"@type":"BreadcrumbList","@id":"https:\/\/akita-frey.ch\/fr\/pagedaccueil\/#breadcrumb","itemListElement":[{"@type":"ListItem","position":1,"name":"Startseite","item":"https:\/\/akita-frey.ch\/fr\/"},{"@type":"ListItem","position":2,"name":"Bienvenue sur notre site internet"}]},{"@type":"WebSite","@id":"https:\/\/akita-frey.ch\/#website","url":"https:\/\/akita-frey.ch\/","name":"akita-frey","description":"AKTIA INU OF IKENOHATADE","potentialAction":[{"@type":"SearchAction","target":{"@type":"EntryPoint","urlTemplate":"https:\/\/akita-frey.ch\/?s={search_term_string}"},"query-input":{"@type":"PropertyValueSpecification","valueRequired":true,"valueName":"search_term_string"}}],"inLanguage":"fr-FR"}]}},"_links":{"self":[{"href":"https:\/\/akita-frey.ch\/fr\/wp-json\/wp\/v2\/pages\/868\/"}],"collection":[{"href":"https:\/\/akita-frey.ch\/fr\/wp-json\/wp\/v2\/pages\/"}],"about":[{"href":"https:\/\/akita-frey.ch\/fr\/wp-json\/wp\/v2\/types\/page\/"}],"author":[{"embeddable":true,"href":"https:\/\/akita-frey.ch\/fr\/wp-json\/wp\/v2\/users\/1\/"}],"replies":[{"embeddable":true,"href":"https:\/\/akita-frey.ch\/fr\/wp-json\/wp\/v2\/comments\/?post=868"}],"version-history":[{"count":38,"href":"https:\/\/akita-frey.ch\/fr\/wp-json\/wp\/v2\/pages\/868\/revisions\/"}],"predecessor-version":[{"id":2252,"href":"https:\/\/akita-frey.ch\/fr\/wp-json\/wp\/v2\/pages\/868\/revisions\/2252\/"}],"wp:attachment":[{"href":"https:\/\/akita-frey.ch\/fr\/wp-json\/wp\/v2\/media\/?parent=868"}],"curies":[{"name":"wp","href":"https:\/\/api.w.org\/{rel}","templated":true}]}}