{"id":825,"date":"2017-03-14T14:41:32","date_gmt":"2017-03-14T13:41:32","guid":{"rendered":"http:\/\/akita-frey.ch\/kontakt\/"},"modified":"2017-06-29T17:33:38","modified_gmt":"2017-06-29T15:33:38","slug":"contact","status":"publish","type":"page","link":"https:\/\/akita-frey.ch\/fr\/contact\/","title":{"rendered":"Contact"},"content":{"rendered":"[vc_row][vc_column width=\u00a0\u00bb1\/2&Prime;][vc_column_text]\n<h1>Contact<\/h1>\n<p>Vous pouvez nous contacter par t\u00e9l\u00e9phone, courriers \u00e9lectronique ou postal<\/p>\n<p>&nbsp;<\/p>\n<p>Andreas et Yasue\u00a0FREY-MATSUNO<br \/>\n7 rue des Etangs<br \/>\nF-68130 JETTINGEN<\/p>\n<p>T\u00e9l\u00e9phon: +33 (0)3.89. 70.81.24<\/p>\n<p>E-mail<b>: <\/b><a class=\"link\" href=\"mailto:info@akita-frey.ch\" target=\"_blank\" rel=\"noopener noreferrer\">info@akita-frey.ch<\/a><\/p>\n<p>&nbsp;<\/p>\n<p>Trouvez la route:<br \/>\n-&gt; <a class=\"link\" href=\"http:\/\/maps.google.com\/maps?f=d&amp;hl=de&amp;geocode=&amp;saddr=&amp;daddr=Rue+des+Etangs,+68130+Jettingen,+Frankreich&amp;sll=47.57949,7.477495&amp;sspn=0.134093,0.376282&amp;ie=UTF8&amp;ll=47.651975,7.444611&amp;spn=0.267813,0.752563&amp;z=11\" target=\"_blank\" rel=\"noopener noreferrer\">Google Maps Route<\/a>[\/vc_column_text][\/vc_column][vc_column width=\u00a0\u00bb1\/2&Prime;][vc_single_image image=\u00a0\u00bb234&Prime; img_size=\u00a0\u00bbfull\u00a0\u00bb alignment=\u00a0\u00bbcenter\u00a0\u00bb][\/vc_column][\/vc_row]\n","protected":false},"excerpt":{"rendered":"<p>[vc_row][vc_column width=\u00a0\u00bb1\/2&Prime;][vc_column_text] Contact Vous pouvez nous contacter par t\u00e9l\u00e9phone, courriers \u00e9lectronique ou postal &nbsp; Andreas et Yasue\u00a0FREY-MATSUNO 7 rue des Etangs F-68130 JETTINGEN T\u00e9l\u00e9phon: +33 (0)3.89. 70.81.24 E-mail: info@akita-frey.ch &nbsp; Trouvez la route: -&gt; Google Maps Route[\/vc_column_text][\/vc_column][vc_column width=\u00a0\u00bb1\/2&Prime;][vc_single_image image=\u00a0\u00bb234&Prime; img_size=\u00a0\u00bbfull\u00a0\u00bb alignment=\u00a0\u00bbcenter\u00a0\u00bb][\/vc_column][\/vc_row]<\/p>\n","protected":false},"author":1,"featured_media":0,"parent":0,"menu_order":0,"comment_status":"closed","ping_status":"closed","template":"","meta":{"footnotes":""},"class_list":["post-825","page","type-page","status-publish","hentry","entry","post-inner"],"yoast_head":"<!-- This site is optimized with the Yoast SEO plugin v23.8 - https:\/\/yoast.com\/wordpress\/plugins\/seo\/ -->\n<title>Contact - akita-frey<\/title>\n<meta name=\"robots\" content=\"index, follow, max-snippet:-1, max-image-preview:large, max-video-preview:-1\" \/>\n<link rel=\"canonical\" href=\"https:\/\/akita-frey.ch\/fr\/kontakt\/\" \/>\n<meta property=\"og:locale\" content=\"fr_FR\" \/>\n<meta property=\"og:type\" content=\"article\" \/>\n<meta property=\"og:title\" content=\"Contact - akita-frey\" \/>\n<meta property=\"og:description\" content=\"[vc_row][vc_column width=\u00a0\u00bb1\/2&Prime;][vc_column_text] Contact Vous pouvez nous contacter par t\u00e9l\u00e9phone, courriers \u00e9lectronique ou postal &nbsp; Andreas et Yasue\u00a0FREY-MATSUNO 7 rue des Etangs F-68130 JETTINGEN T\u00e9l\u00e9phon: +33 (0)3.89. 70.81.24 E-mail: info@akita-frey.ch &nbsp; Trouvez la route: -&gt; Google Maps Route[\/vc_column_text][\/vc_column][vc_column width=\u00a0\u00bb1\/2&Prime;][vc_single_image image=\u00a0\u00bb234&Prime; img_size=\u00a0\u00bbfull\u00a0\u00bb alignment=\u00a0\u00bbcenter\u00a0\u00bb][\/vc_column][\/vc_row]\" \/>\n<meta property=\"og:url\" content=\"https:\/\/akita-frey.ch\/kontakt\/\" \/>\n<meta property=\"og:site_name\" content=\"akita-frey\" \/>\n<meta property=\"article:modified_time\" content=\"2017-06-29T15:33:38+00:00\" \/>\n<meta name=\"twitter:card\" content=\"summary_large_image\" \/>\n<script type=\"application\/ld+json\" class=\"yoast-schema-graph\">{\"@context\":\"https:\/\/schema.org\",\"@graph\":[{\"@type\":\"WebPage\",\"@id\":\"https:\/\/akita-frey.ch\/kontakt\/\",\"url\":\"https:\/\/akita-frey.ch\/kontakt\/\",\"name\":\"Contact - akita-frey\",\"isPartOf\":{\"@id\":\"https:\/\/akita-frey.ch\/#website\"},\"datePublished\":\"2017-03-14T13:41:32+00:00\",\"dateModified\":\"2017-06-29T15:33:38+00:00\",\"breadcrumb\":{\"@id\":\"https:\/\/akita-frey.ch\/kontakt\/#breadcrumb\"},\"inLanguage\":\"fr-FR\",\"potentialAction\":[{\"@type\":\"ReadAction\",\"target\":[\"https:\/\/akita-frey.ch\/kontakt\/\"]}]},{\"@type\":\"BreadcrumbList\",\"@id\":\"https:\/\/akita-frey.ch\/kontakt\/#breadcrumb\",\"itemListElement\":[{\"@type\":\"ListItem\",\"position\":1,\"name\":\"Startseite\",\"item\":\"https:\/\/akita-frey.ch\/fr\/\"},{\"@type\":\"ListItem\",\"position\":2,\"name\":\"Contact\"}]},{\"@type\":\"WebSite\",\"@id\":\"https:\/\/akita-frey.ch\/#website\",\"url\":\"https:\/\/akita-frey.ch\/\",\"name\":\"akita-frey\",\"description\":\"AKTIA INU OF IKENOHATADE\",\"potentialAction\":[{\"@type\":\"SearchAction\",\"target\":{\"@type\":\"EntryPoint\",\"urlTemplate\":\"https:\/\/akita-frey.ch\/?s={search_term_string}\"},\"query-input\":{\"@type\":\"PropertyValueSpecification\",\"valueRequired\":true,\"valueName\":\"search_term_string\"}}],\"inLanguage\":\"fr-FR\"}]}<\/script>\n<!-- \/ Yoast SEO plugin. -->","yoast_head_json":{"title":"Contact - akita-frey","robots":{"index":"index","follow":"follow","max-snippet":"max-snippet:-1","max-image-preview":"max-image-preview:large","max-video-preview":"max-video-preview:-1"},"canonical":"https:\/\/akita-frey.ch\/fr\/kontakt\/","og_locale":"fr_FR","og_type":"article","og_title":"Contact - akita-frey","og_description":"[vc_row][vc_column width=\u00a0\u00bb1\/2&Prime;][vc_column_text] Contact Vous pouvez nous contacter par t\u00e9l\u00e9phone, courriers \u00e9lectronique ou postal &nbsp; Andreas et Yasue\u00a0FREY-MATSUNO 7 rue des Etangs F-68130 JETTINGEN T\u00e9l\u00e9phon: +33 (0)3.89. 70.81.24 E-mail: info@akita-frey.ch &nbsp; Trouvez la route: -&gt; Google Maps Route[\/vc_column_text][\/vc_column][vc_column width=\u00a0\u00bb1\/2&Prime;][vc_single_image image=\u00a0\u00bb234&Prime; img_size=\u00a0\u00bbfull\u00a0\u00bb alignment=\u00a0\u00bbcenter\u00a0\u00bb][\/vc_column][\/vc_row]","og_url":"https:\/\/akita-frey.ch\/kontakt\/","og_site_name":"akita-frey","article_modified_time":"2017-06-29T15:33:38+00:00","twitter_card":"summary_large_image","schema":{"@context":"https:\/\/schema.org","@graph":[{"@type":"WebPage","@id":"https:\/\/akita-frey.ch\/kontakt\/","url":"https:\/\/akita-frey.ch\/kontakt\/","name":"Contact - akita-frey","isPartOf":{"@id":"https:\/\/akita-frey.ch\/#website"},"datePublished":"2017-03-14T13:41:32+00:00","dateModified":"2017-06-29T15:33:38+00:00","breadcrumb":{"@id":"https:\/\/akita-frey.ch\/kontakt\/#breadcrumb"},"inLanguage":"fr-FR","potentialAction":[{"@type":"ReadAction","target":["https:\/\/akita-frey.ch\/kontakt\/"]}]},{"@type":"BreadcrumbList","@id":"https:\/\/akita-frey.ch\/kontakt\/#breadcrumb","itemListElement":[{"@type":"ListItem","position":1,"name":"Startseite","item":"https:\/\/akita-frey.ch\/fr\/"},{"@type":"ListItem","position":2,"name":"Contact"}]},{"@type":"WebSite","@id":"https:\/\/akita-frey.ch\/#website","url":"https:\/\/akita-frey.ch\/","name":"akita-frey","description":"AKTIA INU OF IKENOHATADE","potentialAction":[{"@type":"SearchAction","target":{"@type":"EntryPoint","urlTemplate":"https:\/\/akita-frey.ch\/?s={search_term_string}"},"query-input":{"@type":"PropertyValueSpecification","valueRequired":true,"valueName":"search_term_string"}}],"inLanguage":"fr-FR"}]}},"_links":{"self":[{"href":"https:\/\/akita-frey.ch\/fr\/wp-json\/wp\/v2\/pages\/825\/"}],"collection":[{"href":"https:\/\/akita-frey.ch\/fr\/wp-json\/wp\/v2\/pages\/"}],"about":[{"href":"https:\/\/akita-frey.ch\/fr\/wp-json\/wp\/v2\/types\/page\/"}],"author":[{"embeddable":true,"href":"https:\/\/akita-frey.ch\/fr\/wp-json\/wp\/v2\/users\/1\/"}],"replies":[{"embeddable":true,"href":"https:\/\/akita-frey.ch\/fr\/wp-json\/wp\/v2\/comments\/?post=825"}],"version-history":[{"count":4,"href":"https:\/\/akita-frey.ch\/fr\/wp-json\/wp\/v2\/pages\/825\/revisions\/"}],"predecessor-version":[{"id":1103,"href":"https:\/\/akita-frey.ch\/fr\/wp-json\/wp\/v2\/pages\/825\/revisions\/1103\/"}],"wp:attachment":[{"href":"https:\/\/akita-frey.ch\/fr\/wp-json\/wp\/v2\/media\/?parent=825"}],"curies":[{"name":"wp","href":"https:\/\/api.w.org\/{rel}","templated":true}]}}