{"id":820,"date":"2017-03-15T11:04:54","date_gmt":"2017-03-15T10:04:54","guid":{"rendered":"http:\/\/akita-frey.ch\/akita-herkunft\/"},"modified":"2017-06-29T17:36:27","modified_gmt":"2017-06-29T15:36:27","slug":"lesoriginesdelarace","status":"publish","type":"page","link":"https:\/\/akita-frey.ch\/fr\/lesoriginesdelarace\/","title":{"rendered":"Les origines de la race"},"content":{"rendered":"[vc_row][vc_column][vc_column_text]\n<h1>Les origines de la race<\/h1>\n<p>L&rsquo;Akita Inu est le chien national au Japon (consid\u00e9r\u00e9 comme tr\u00e9sor national !) et les preuves de son \u00e9levage remontent \u00e0 plus de 15 si\u00e8cles.<\/p>\n<p>Mais la d\u00e9couverte de squelettes de chiens tend \u00e0 repousser encore plus cette date. Le nom de la race \u00a0\u00bb Akita \u00a0\u00bb vient du nom de la r\u00e9gion du m\u00eame nom et qui se situe au Nord de l&rsquo;\u00eele d&rsquo;Honshu. C&rsquo;est en effet cette r\u00e9gion que l&rsquo;on suppose \u00eatre le berceau de la race. Sous le r\u00e8gne de l&#8217;empereur Hirohito, plus pr\u00e9cis\u00e9ment en 1931, l&rsquo;Akita est plac\u00e9 sous tutelle nationale. Rendant de ce fait l&rsquo;exportation de chiens Akita impossible. Ce ne sera qu&rsquo;en 1945 que cette interdiction sera lev\u00e9e. Mais durant l&rsquo;occupation am\u00e9ricaine, et malgr\u00e9 l&rsquo;interdiction, de nombreux chiens seront export\u00e9s vers les Etats-Unis.<\/p>\n<p>L&rsquo;Akita est encore aujourd&rsquo;hui consid\u00e9r\u00e9 au Japon comme un symbole national. En gare de Shibuya (banlieue de Tokyo) a \u00e9t\u00e9 \u00e9rig\u00e9 en 1948 une statue en bronze de Hachiko, l&rsquo;Akita Inu du professeur d&rsquo;universit\u00e9 M.Ueno. Chaque matin, Hachiko accompagnait son ma\u00eetre \u00e0 la gare, et passait le chercher le soir. Malheureusement, le professeur d\u00e9c\u00e9da en 1925 d&rsquo;un arr\u00eat cardiaque. Hachiko continua cependant \u00e0 se rendre \u00e0 la gare matin et soir pendant 10 ans pour attendre son ma\u00eetre. Le 7 mars 1955, on retrouva Hachiko mort \u00e0 l&rsquo;endroit o\u00f9 il a attendu son ma\u00eetre si longtemps. Cette histoire montre l&rsquo;attachement sinc\u00e8re de l&rsquo;Akita \u00e0 son ma\u00eetre.[\/vc_column_text][vc_column_text]Bronzestatue des Akita \u00ab\u00a0Hachiko\u00a0\u00bb[\/vc_column_text][\/vc_column][\/vc_row][vc_row][vc_column width=\u00a0\u00bb1\/3&Prime;][vc_single_image image=\u00a0\u00bb238&Prime; img_size=\u00a0\u00bbfull\u00a0\u00bb alignment=\u00a0\u00bbcenter\u00a0\u00bb][\/vc_column][vc_column width=\u00a0\u00bb1\/3&Prime;][vc_single_image image=\u00a0\u00bb239&Prime; img_size=\u00a0\u00bbfull\u00a0\u00bb alignment=\u00a0\u00bbcenter\u00a0\u00bb][\/vc_column][vc_column width=\u00a0\u00bb1\/3&Prime;][vc_single_image image=\u00a0\u00bb240&Prime; img_size=\u00a0\u00bbfull\u00a0\u00bb alignment=\u00a0\u00bbcenter\u00a0\u00bb][\/vc_column][\/vc_row]\n","protected":false},"excerpt":{"rendered":"<p>[vc_row][vc_column][vc_column_text] Les origines de la race L&rsquo;Akita Inu est le chien national au Japon (consid\u00e9r\u00e9 comme tr\u00e9sor national !) et les preuves de son \u00e9levage remontent \u00e0 plus de 15 si\u00e8cles. Mais la d\u00e9couverte de squelettes de chiens tend \u00e0 repousser encore plus cette date. Le nom de la race \u00a0\u00bb Akita \u00a0\u00bb vient du nom de la r\u00e9gion du m\u00eame nom et qui se situe au Nord de l&rsquo;\u00eele d&rsquo;Honshu. C&rsquo;est en effet cette r\u00e9gion que l&rsquo;on suppose \u00eatre le berceau de la race. Sous le r\u00e8gne de l&#8217;empereur Hirohito, plus pr\u00e9cis\u00e9ment en 1931, l&rsquo;Akita est plac\u00e9 sous tutelle nationale. Rendant de ce fait l&rsquo;exportation de chiens Akita impossible. Ce ne sera qu&rsquo;en 1945 que cette interdiction sera lev\u00e9e. Mais durant l&rsquo;occupation am\u00e9ricaine, et malgr\u00e9 l&rsquo;interdiction, de nombreux chiens seront export\u00e9s vers les Etats-Unis. L&rsquo;Akita est encore aujourd&rsquo;hui consid\u00e9r\u00e9 au Japon comme un symbole national. En gare de Shibuya (banlieue de Tokyo) a \u00e9t\u00e9 \u00e9rig\u00e9 en 1948 une statue en bronze de Hachiko, l&rsquo;Akita Inu du professeur d&rsquo;universit\u00e9 M.Ueno. Chaque matin, Hachiko accompagnait son ma\u00eetre \u00e0 la gare, et passait le chercher le soir. Malheureusement, le professeur d\u00e9c\u00e9da en 1925 d&rsquo;un arr\u00eat cardiaque. Hachiko continua cependant \u00e0 se rendre \u00e0 la gare matin et soir pendant 10 ans pour attendre son ma\u00eetre. Le 7 mars 1955, on retrouva Hachiko mort \u00e0 l&rsquo;endroit o\u00f9 il a attendu son ma\u00eetre si longtemps. Cette histoire montre l&rsquo;attachement sinc\u00e8re de l&rsquo;Akita \u00e0 son ma\u00eetre.[\/vc_column_text][vc_column_text]Bronzestatue des Akita \u00ab\u00a0Hachiko\u00a0\u00bb[\/vc_column_text][\/vc_column][\/vc_row][vc_row][vc_column width=\u00a0\u00bb1\/3&Prime;][vc_single_image image=\u00a0\u00bb238&Prime; img_size=\u00a0\u00bbfull\u00a0\u00bb alignment=\u00a0\u00bbcenter\u00a0\u00bb][\/vc_column][vc_column width=\u00a0\u00bb1\/3&Prime;][vc_single_image image=\u00a0\u00bb239&Prime; img_size=\u00a0\u00bbfull\u00a0\u00bb alignment=\u00a0\u00bbcenter\u00a0\u00bb][\/vc_column][vc_column width=\u00a0\u00bb1\/3&Prime;][vc_single_image image=\u00a0\u00bb240&Prime; img_size=\u00a0\u00bbfull\u00a0\u00bb alignment=\u00a0\u00bbcenter\u00a0\u00bb][\/vc_column][\/vc_row]<\/p>\n","protected":false},"author":1,"featured_media":0,"parent":0,"menu_order":0,"comment_status":"closed","ping_status":"closed","template":"","meta":{"footnotes":""},"class_list":["post-820","page","type-page","status-publish","hentry","entry","post-inner"],"yoast_head":"<!-- This site is optimized with the Yoast SEO plugin v23.8 - https:\/\/yoast.com\/wordpress\/plugins\/seo\/ -->\n<title>Les origines de la race - akita-frey<\/title>\n<meta name=\"robots\" content=\"index, follow, max-snippet:-1, max-image-preview:large, max-video-preview:-1\" \/>\n<link rel=\"canonical\" href=\"https:\/\/akita-frey.ch\/fr\/lesoriginesdelarace\/\" \/>\n<meta property=\"og:locale\" content=\"fr_FR\" \/>\n<meta property=\"og:type\" content=\"article\" \/>\n<meta property=\"og:title\" content=\"Les origines de la race - akita-frey\" \/>\n<meta property=\"og:description\" content=\"[vc_row][vc_column][vc_column_text] Les origines de la race L&rsquo;Akita Inu est le chien national au Japon (consid\u00e9r\u00e9 comme tr\u00e9sor national !) et les preuves de son \u00e9levage remontent \u00e0 plus de 15 si\u00e8cles. Mais la d\u00e9couverte de squelettes de chiens tend \u00e0 repousser encore plus cette date. Le nom de la race \u00a0\u00bb Akita \u00a0\u00bb vient du nom de la r\u00e9gion du m\u00eame nom et qui se situe au Nord de l&rsquo;\u00eele d&rsquo;Honshu. C&rsquo;est en effet cette r\u00e9gion que l&rsquo;on suppose \u00eatre le berceau de la race. Sous le r\u00e8gne de l&#8217;empereur Hirohito, plus pr\u00e9cis\u00e9ment en 1931, l&rsquo;Akita est plac\u00e9 sous tutelle nationale. Rendant de ce fait l&rsquo;exportation de chiens Akita impossible. Ce ne sera qu&rsquo;en 1945 que cette interdiction sera lev\u00e9e. Mais durant l&rsquo;occupation am\u00e9ricaine, et malgr\u00e9 l&rsquo;interdiction, de nombreux chiens seront export\u00e9s vers les Etats-Unis. L&rsquo;Akita est encore aujourd&rsquo;hui consid\u00e9r\u00e9 au Japon comme un symbole national. En gare de Shibuya (banlieue de Tokyo) a \u00e9t\u00e9 \u00e9rig\u00e9 en 1948 une statue en bronze de Hachiko, l&rsquo;Akita Inu du professeur d&rsquo;universit\u00e9 M.Ueno. Chaque matin, Hachiko accompagnait son ma\u00eetre \u00e0 la gare, et passait le chercher le soir. Malheureusement, le professeur d\u00e9c\u00e9da en 1925 d&rsquo;un arr\u00eat cardiaque. Hachiko continua cependant \u00e0 se rendre \u00e0 la gare matin et soir pendant 10 ans pour attendre son ma\u00eetre. Le 7 mars 1955, on retrouva Hachiko mort \u00e0 l&rsquo;endroit o\u00f9 il a attendu son ma\u00eetre si longtemps. Cette histoire montre l&rsquo;attachement sinc\u00e8re de l&rsquo;Akita \u00e0 son ma\u00eetre.[\/vc_column_text][vc_column_text]Bronzestatue des Akita \u00ab\u00a0Hachiko\u00a0\u00bb[\/vc_column_text][\/vc_column][\/vc_row][vc_row][vc_column width=\u00a0\u00bb1\/3&Prime;][vc_single_image image=\u00a0\u00bb238&Prime; img_size=\u00a0\u00bbfull\u00a0\u00bb alignment=\u00a0\u00bbcenter\u00a0\u00bb][\/vc_column][vc_column width=\u00a0\u00bb1\/3&Prime;][vc_single_image image=\u00a0\u00bb239&Prime; img_size=\u00a0\u00bbfull\u00a0\u00bb alignment=\u00a0\u00bbcenter\u00a0\u00bb][\/vc_column][vc_column width=\u00a0\u00bb1\/3&Prime;][vc_single_image image=\u00a0\u00bb240&Prime; img_size=\u00a0\u00bbfull\u00a0\u00bb alignment=\u00a0\u00bbcenter\u00a0\u00bb][\/vc_column][\/vc_row]\" \/>\n<meta property=\"og:url\" content=\"https:\/\/akita-frey.ch\/fr\/lesoriginesdelarace\/\" \/>\n<meta property=\"og:site_name\" content=\"akita-frey\" \/>\n<meta property=\"article:modified_time\" content=\"2017-06-29T15:36:27+00:00\" \/>\n<meta name=\"twitter:card\" content=\"summary_large_image\" \/>\n<meta name=\"twitter:label1\" content=\"Dur\u00e9e de lecture estim\u00e9e\" \/>\n\t<meta name=\"twitter:data1\" content=\"2 minutes\" \/>\n<script type=\"application\/ld+json\" class=\"yoast-schema-graph\">{\"@context\":\"https:\/\/schema.org\",\"@graph\":[{\"@type\":\"WebPage\",\"@id\":\"https:\/\/akita-frey.ch\/fr\/lesoriginesdelarace\/\",\"url\":\"https:\/\/akita-frey.ch\/fr\/lesoriginesdelarace\/\",\"name\":\"Les origines de la race - akita-frey\",\"isPartOf\":{\"@id\":\"https:\/\/akita-frey.ch\/#website\"},\"datePublished\":\"2017-03-15T10:04:54+00:00\",\"dateModified\":\"2017-06-29T15:36:27+00:00\",\"breadcrumb\":{\"@id\":\"https:\/\/akita-frey.ch\/fr\/lesoriginesdelarace\/#breadcrumb\"},\"inLanguage\":\"fr-FR\",\"potentialAction\":[{\"@type\":\"ReadAction\",\"target\":[\"https:\/\/akita-frey.ch\/fr\/lesoriginesdelarace\/\"]}]},{\"@type\":\"BreadcrumbList\",\"@id\":\"https:\/\/akita-frey.ch\/fr\/lesoriginesdelarace\/#breadcrumb\",\"itemListElement\":[{\"@type\":\"ListItem\",\"position\":1,\"name\":\"Startseite\",\"item\":\"https:\/\/akita-frey.ch\/fr\/\"},{\"@type\":\"ListItem\",\"position\":2,\"name\":\"Les origines de la race\"}]},{\"@type\":\"WebSite\",\"@id\":\"https:\/\/akita-frey.ch\/#website\",\"url\":\"https:\/\/akita-frey.ch\/\",\"name\":\"akita-frey\",\"description\":\"AKTIA INU OF IKENOHATADE\",\"potentialAction\":[{\"@type\":\"SearchAction\",\"target\":{\"@type\":\"EntryPoint\",\"urlTemplate\":\"https:\/\/akita-frey.ch\/?s={search_term_string}\"},\"query-input\":{\"@type\":\"PropertyValueSpecification\",\"valueRequired\":true,\"valueName\":\"search_term_string\"}}],\"inLanguage\":\"fr-FR\"}]}<\/script>\n<!-- \/ Yoast SEO plugin. -->","yoast_head_json":{"title":"Les origines de la race - akita-frey","robots":{"index":"index","follow":"follow","max-snippet":"max-snippet:-1","max-image-preview":"max-image-preview:large","max-video-preview":"max-video-preview:-1"},"canonical":"https:\/\/akita-frey.ch\/fr\/lesoriginesdelarace\/","og_locale":"fr_FR","og_type":"article","og_title":"Les origines de la race - akita-frey","og_description":"[vc_row][vc_column][vc_column_text] Les origines de la race L&rsquo;Akita Inu est le chien national au Japon (consid\u00e9r\u00e9 comme tr\u00e9sor national !) et les preuves de son \u00e9levage remontent \u00e0 plus de 15 si\u00e8cles. Mais la d\u00e9couverte de squelettes de chiens tend \u00e0 repousser encore plus cette date. Le nom de la race \u00a0\u00bb Akita \u00a0\u00bb vient du nom de la r\u00e9gion du m\u00eame nom et qui se situe au Nord de l&rsquo;\u00eele d&rsquo;Honshu. C&rsquo;est en effet cette r\u00e9gion que l&rsquo;on suppose \u00eatre le berceau de la race. Sous le r\u00e8gne de l&#8217;empereur Hirohito, plus pr\u00e9cis\u00e9ment en 1931, l&rsquo;Akita est plac\u00e9 sous tutelle nationale. Rendant de ce fait l&rsquo;exportation de chiens Akita impossible. Ce ne sera qu&rsquo;en 1945 que cette interdiction sera lev\u00e9e. Mais durant l&rsquo;occupation am\u00e9ricaine, et malgr\u00e9 l&rsquo;interdiction, de nombreux chiens seront export\u00e9s vers les Etats-Unis. L&rsquo;Akita est encore aujourd&rsquo;hui consid\u00e9r\u00e9 au Japon comme un symbole national. En gare de Shibuya (banlieue de Tokyo) a \u00e9t\u00e9 \u00e9rig\u00e9 en 1948 une statue en bronze de Hachiko, l&rsquo;Akita Inu du professeur d&rsquo;universit\u00e9 M.Ueno. Chaque matin, Hachiko accompagnait son ma\u00eetre \u00e0 la gare, et passait le chercher le soir. Malheureusement, le professeur d\u00e9c\u00e9da en 1925 d&rsquo;un arr\u00eat cardiaque. Hachiko continua cependant \u00e0 se rendre \u00e0 la gare matin et soir pendant 10 ans pour attendre son ma\u00eetre. Le 7 mars 1955, on retrouva Hachiko mort \u00e0 l&rsquo;endroit o\u00f9 il a attendu son ma\u00eetre si longtemps. Cette histoire montre l&rsquo;attachement sinc\u00e8re de l&rsquo;Akita \u00e0 son ma\u00eetre.[\/vc_column_text][vc_column_text]Bronzestatue des Akita \u00ab\u00a0Hachiko\u00a0\u00bb[\/vc_column_text][\/vc_column][\/vc_row][vc_row][vc_column width=\u00a0\u00bb1\/3&Prime;][vc_single_image image=\u00a0\u00bb238&Prime; img_size=\u00a0\u00bbfull\u00a0\u00bb alignment=\u00a0\u00bbcenter\u00a0\u00bb][\/vc_column][vc_column width=\u00a0\u00bb1\/3&Prime;][vc_single_image image=\u00a0\u00bb239&Prime; img_size=\u00a0\u00bbfull\u00a0\u00bb alignment=\u00a0\u00bbcenter\u00a0\u00bb][\/vc_column][vc_column width=\u00a0\u00bb1\/3&Prime;][vc_single_image image=\u00a0\u00bb240&Prime; img_size=\u00a0\u00bbfull\u00a0\u00bb alignment=\u00a0\u00bbcenter\u00a0\u00bb][\/vc_column][\/vc_row]","og_url":"https:\/\/akita-frey.ch\/fr\/lesoriginesdelarace\/","og_site_name":"akita-frey","article_modified_time":"2017-06-29T15:36:27+00:00","twitter_card":"summary_large_image","twitter_misc":{"Dur\u00e9e de lecture estim\u00e9e":"2 minutes"},"schema":{"@context":"https:\/\/schema.org","@graph":[{"@type":"WebPage","@id":"https:\/\/akita-frey.ch\/fr\/lesoriginesdelarace\/","url":"https:\/\/akita-frey.ch\/fr\/lesoriginesdelarace\/","name":"Les origines de la race - akita-frey","isPartOf":{"@id":"https:\/\/akita-frey.ch\/#website"},"datePublished":"2017-03-15T10:04:54+00:00","dateModified":"2017-06-29T15:36:27+00:00","breadcrumb":{"@id":"https:\/\/akita-frey.ch\/fr\/lesoriginesdelarace\/#breadcrumb"},"inLanguage":"fr-FR","potentialAction":[{"@type":"ReadAction","target":["https:\/\/akita-frey.ch\/fr\/lesoriginesdelarace\/"]}]},{"@type":"BreadcrumbList","@id":"https:\/\/akita-frey.ch\/fr\/lesoriginesdelarace\/#breadcrumb","itemListElement":[{"@type":"ListItem","position":1,"name":"Startseite","item":"https:\/\/akita-frey.ch\/fr\/"},{"@type":"ListItem","position":2,"name":"Les origines de la race"}]},{"@type":"WebSite","@id":"https:\/\/akita-frey.ch\/#website","url":"https:\/\/akita-frey.ch\/","name":"akita-frey","description":"AKTIA INU OF IKENOHATADE","potentialAction":[{"@type":"SearchAction","target":{"@type":"EntryPoint","urlTemplate":"https:\/\/akita-frey.ch\/?s={search_term_string}"},"query-input":{"@type":"PropertyValueSpecification","valueRequired":true,"valueName":"search_term_string"}}],"inLanguage":"fr-FR"}]}},"_links":{"self":[{"href":"https:\/\/akita-frey.ch\/fr\/wp-json\/wp\/v2\/pages\/820\/"}],"collection":[{"href":"https:\/\/akita-frey.ch\/fr\/wp-json\/wp\/v2\/pages\/"}],"about":[{"href":"https:\/\/akita-frey.ch\/fr\/wp-json\/wp\/v2\/types\/page\/"}],"author":[{"embeddable":true,"href":"https:\/\/akita-frey.ch\/fr\/wp-json\/wp\/v2\/users\/1\/"}],"replies":[{"embeddable":true,"href":"https:\/\/akita-frey.ch\/fr\/wp-json\/wp\/v2\/comments\/?post=820"}],"version-history":[{"count":3,"href":"https:\/\/akita-frey.ch\/fr\/wp-json\/wp\/v2\/pages\/820\/revisions\/"}],"predecessor-version":[{"id":1104,"href":"https:\/\/akita-frey.ch\/fr\/wp-json\/wp\/v2\/pages\/820\/revisions\/1104\/"}],"wp:attachment":[{"href":"https:\/\/akita-frey.ch\/fr\/wp-json\/wp\/v2\/media\/?parent=820"}],"curies":[{"name":"wp","href":"https:\/\/api.w.org\/{rel}","templated":true}]}}