{"id":818,"date":"2017-03-15T11:05:25","date_gmt":"2017-03-15T10:05:25","guid":{"rendered":"http:\/\/akita-frey.ch\/wesen-des-akitas\/"},"modified":"2017-06-30T13:50:38","modified_gmt":"2017-06-30T11:50:38","slug":"lanatureduchien","status":"publish","type":"page","link":"https:\/\/akita-frey.ch\/fr\/lanatureduchien\/","title":{"rendered":"La nature du chien"},"content":{"rendered":"[vc_row][vc_column][vc_column_text]\n<h1>La nature du chien<\/h1>\n[\/vc_column_text][\/vc_column][\/vc_row][vc_row][vc_column width=\u00a0\u00bb2\/3&Prime;][vc_column_text]L&rsquo;Akita est un chien de nature intelligente, d&rsquo;une grande noblesse et avec une majest\u00e9 certaine. Il est loyal, fid\u00e8le et ob\u00e9issant \u00e0 sa famille.<\/p>\n<p>Il est calme, \u00e9quilibr\u00e9. Egalement courageux, il poss\u00e8de un instinct de protection tr\u00e8s marqu\u00e9.<\/p>\n<p>Mais il y a cependant deux choses qu&rsquo;il ne supporte pas :<br \/>\n&#8211; Un ma\u00eetre voulant l&rsquo;obliger \u00e0 faire quelque chose qu&rsquo;il ne veut pas faire<br \/>\n&#8211; Les autres grands chiens avec qui l&rsquo;entente n&rsquo;est pas toujours cordiale.[\/vc_column_text][\/vc_column][vc_column width=\u00a0\u00bb1\/3&Prime;][vc_single_image image=\u00a0\u00bb248&Prime; img_size=\u00a0\u00bbfull\u00a0\u00bb alignment=\u00a0\u00bbcenter\u00a0\u00bb][\/vc_column][\/vc_row]\n","protected":false},"excerpt":{"rendered":"<p>[vc_row][vc_column][vc_column_text] La nature du chien [\/vc_column_text][\/vc_column][\/vc_row][vc_row][vc_column width=\u00a0\u00bb2\/3&Prime;][vc_column_text]L&rsquo;Akita est un chien de nature intelligente, d&rsquo;une grande noblesse et avec une majest\u00e9 certaine. Il est loyal, fid\u00e8le et ob\u00e9issant \u00e0 sa famille. Il est calme, \u00e9quilibr\u00e9. Egalement courageux, il poss\u00e8de un instinct de protection tr\u00e8s marqu\u00e9. Mais il y a cependant deux choses qu&rsquo;il ne supporte pas : &#8211; Un ma\u00eetre voulant l&rsquo;obliger \u00e0 faire quelque chose qu&rsquo;il ne veut pas faire &#8211; Les autres grands chiens avec qui l&rsquo;entente n&rsquo;est pas toujours cordiale.[\/vc_column_text][\/vc_column][vc_column width=\u00a0\u00bb1\/3&Prime;][vc_single_image image=\u00a0\u00bb248&Prime; img_size=\u00a0\u00bbfull\u00a0\u00bb alignment=\u00a0\u00bbcenter\u00a0\u00bb][\/vc_column][\/vc_row]<\/p>\n","protected":false},"author":1,"featured_media":0,"parent":0,"menu_order":0,"comment_status":"closed","ping_status":"closed","template":"","meta":{"footnotes":""},"class_list":["post-818","page","type-page","status-publish","hentry","entry","post-inner"],"yoast_head":"<!-- This site is optimized with the Yoast SEO plugin v23.8 - https:\/\/yoast.com\/wordpress\/plugins\/seo\/ -->\n<title>La nature du chien - akita-frey<\/title>\n<meta name=\"robots\" content=\"index, follow, max-snippet:-1, max-image-preview:large, max-video-preview:-1\" \/>\n<link rel=\"canonical\" href=\"https:\/\/akita-frey.ch\/fr\/lanatureduchien\/\" \/>\n<meta property=\"og:locale\" content=\"fr_FR\" \/>\n<meta property=\"og:type\" content=\"article\" \/>\n<meta property=\"og:title\" content=\"La nature du chien - akita-frey\" \/>\n<meta property=\"og:description\" content=\"[vc_row][vc_column][vc_column_text] La nature du chien [\/vc_column_text][\/vc_column][\/vc_row][vc_row][vc_column width=\u00a0\u00bb2\/3&Prime;][vc_column_text]L&rsquo;Akita est un chien de nature intelligente, d&rsquo;une grande noblesse et avec une majest\u00e9 certaine. Il est loyal, fid\u00e8le et ob\u00e9issant \u00e0 sa famille. Il est calme, \u00e9quilibr\u00e9. Egalement courageux, il poss\u00e8de un instinct de protection tr\u00e8s marqu\u00e9. Mais il y a cependant deux choses qu&rsquo;il ne supporte pas : &#8211; Un ma\u00eetre voulant l&rsquo;obliger \u00e0 faire quelque chose qu&rsquo;il ne veut pas faire &#8211; Les autres grands chiens avec qui l&rsquo;entente n&rsquo;est pas toujours cordiale.[\/vc_column_text][\/vc_column][vc_column width=\u00a0\u00bb1\/3&Prime;][vc_single_image image=\u00a0\u00bb248&Prime; img_size=\u00a0\u00bbfull\u00a0\u00bb alignment=\u00a0\u00bbcenter\u00a0\u00bb][\/vc_column][\/vc_row]\" \/>\n<meta property=\"og:url\" content=\"https:\/\/akita-frey.ch\/fr\/lanatureduchien\/\" \/>\n<meta property=\"og:site_name\" content=\"akita-frey\" \/>\n<meta property=\"article:modified_time\" content=\"2017-06-30T11:50:38+00:00\" \/>\n<meta name=\"twitter:card\" content=\"summary_large_image\" \/>\n<meta name=\"twitter:label1\" content=\"Dur\u00e9e de lecture estim\u00e9e\" \/>\n\t<meta name=\"twitter:data1\" content=\"1 minute\" \/>\n<script type=\"application\/ld+json\" class=\"yoast-schema-graph\">{\"@context\":\"https:\/\/schema.org\",\"@graph\":[{\"@type\":\"WebPage\",\"@id\":\"https:\/\/akita-frey.ch\/fr\/lanatureduchien\/\",\"url\":\"https:\/\/akita-frey.ch\/fr\/lanatureduchien\/\",\"name\":\"La nature du chien - akita-frey\",\"isPartOf\":{\"@id\":\"https:\/\/akita-frey.ch\/#website\"},\"datePublished\":\"2017-03-15T10:05:25+00:00\",\"dateModified\":\"2017-06-30T11:50:38+00:00\",\"breadcrumb\":{\"@id\":\"https:\/\/akita-frey.ch\/fr\/lanatureduchien\/#breadcrumb\"},\"inLanguage\":\"fr-FR\",\"potentialAction\":[{\"@type\":\"ReadAction\",\"target\":[\"https:\/\/akita-frey.ch\/fr\/lanatureduchien\/\"]}]},{\"@type\":\"BreadcrumbList\",\"@id\":\"https:\/\/akita-frey.ch\/fr\/lanatureduchien\/#breadcrumb\",\"itemListElement\":[{\"@type\":\"ListItem\",\"position\":1,\"name\":\"Startseite\",\"item\":\"https:\/\/akita-frey.ch\/fr\/\"},{\"@type\":\"ListItem\",\"position\":2,\"name\":\"La nature du chien\"}]},{\"@type\":\"WebSite\",\"@id\":\"https:\/\/akita-frey.ch\/#website\",\"url\":\"https:\/\/akita-frey.ch\/\",\"name\":\"akita-frey\",\"description\":\"AKTIA INU OF IKENOHATADE\",\"potentialAction\":[{\"@type\":\"SearchAction\",\"target\":{\"@type\":\"EntryPoint\",\"urlTemplate\":\"https:\/\/akita-frey.ch\/?s={search_term_string}\"},\"query-input\":{\"@type\":\"PropertyValueSpecification\",\"valueRequired\":true,\"valueName\":\"search_term_string\"}}],\"inLanguage\":\"fr-FR\"}]}<\/script>\n<!-- \/ Yoast SEO plugin. -->","yoast_head_json":{"title":"La nature du chien - akita-frey","robots":{"index":"index","follow":"follow","max-snippet":"max-snippet:-1","max-image-preview":"max-image-preview:large","max-video-preview":"max-video-preview:-1"},"canonical":"https:\/\/akita-frey.ch\/fr\/lanatureduchien\/","og_locale":"fr_FR","og_type":"article","og_title":"La nature du chien - akita-frey","og_description":"[vc_row][vc_column][vc_column_text] La nature du chien [\/vc_column_text][\/vc_column][\/vc_row][vc_row][vc_column width=\u00a0\u00bb2\/3&Prime;][vc_column_text]L&rsquo;Akita est un chien de nature intelligente, d&rsquo;une grande noblesse et avec une majest\u00e9 certaine. Il est loyal, fid\u00e8le et ob\u00e9issant \u00e0 sa famille. Il est calme, \u00e9quilibr\u00e9. Egalement courageux, il poss\u00e8de un instinct de protection tr\u00e8s marqu\u00e9. Mais il y a cependant deux choses qu&rsquo;il ne supporte pas : &#8211; Un ma\u00eetre voulant l&rsquo;obliger \u00e0 faire quelque chose qu&rsquo;il ne veut pas faire &#8211; Les autres grands chiens avec qui l&rsquo;entente n&rsquo;est pas toujours cordiale.[\/vc_column_text][\/vc_column][vc_column width=\u00a0\u00bb1\/3&Prime;][vc_single_image image=\u00a0\u00bb248&Prime; img_size=\u00a0\u00bbfull\u00a0\u00bb alignment=\u00a0\u00bbcenter\u00a0\u00bb][\/vc_column][\/vc_row]","og_url":"https:\/\/akita-frey.ch\/fr\/lanatureduchien\/","og_site_name":"akita-frey","article_modified_time":"2017-06-30T11:50:38+00:00","twitter_card":"summary_large_image","twitter_misc":{"Dur\u00e9e de lecture estim\u00e9e":"1 minute"},"schema":{"@context":"https:\/\/schema.org","@graph":[{"@type":"WebPage","@id":"https:\/\/akita-frey.ch\/fr\/lanatureduchien\/","url":"https:\/\/akita-frey.ch\/fr\/lanatureduchien\/","name":"La nature du chien - akita-frey","isPartOf":{"@id":"https:\/\/akita-frey.ch\/#website"},"datePublished":"2017-03-15T10:05:25+00:00","dateModified":"2017-06-30T11:50:38+00:00","breadcrumb":{"@id":"https:\/\/akita-frey.ch\/fr\/lanatureduchien\/#breadcrumb"},"inLanguage":"fr-FR","potentialAction":[{"@type":"ReadAction","target":["https:\/\/akita-frey.ch\/fr\/lanatureduchien\/"]}]},{"@type":"BreadcrumbList","@id":"https:\/\/akita-frey.ch\/fr\/lanatureduchien\/#breadcrumb","itemListElement":[{"@type":"ListItem","position":1,"name":"Startseite","item":"https:\/\/akita-frey.ch\/fr\/"},{"@type":"ListItem","position":2,"name":"La nature du chien"}]},{"@type":"WebSite","@id":"https:\/\/akita-frey.ch\/#website","url":"https:\/\/akita-frey.ch\/","name":"akita-frey","description":"AKTIA INU OF IKENOHATADE","potentialAction":[{"@type":"SearchAction","target":{"@type":"EntryPoint","urlTemplate":"https:\/\/akita-frey.ch\/?s={search_term_string}"},"query-input":{"@type":"PropertyValueSpecification","valueRequired":true,"valueName":"search_term_string"}}],"inLanguage":"fr-FR"}]}},"_links":{"self":[{"href":"https:\/\/akita-frey.ch\/fr\/wp-json\/wp\/v2\/pages\/818\/"}],"collection":[{"href":"https:\/\/akita-frey.ch\/fr\/wp-json\/wp\/v2\/pages\/"}],"about":[{"href":"https:\/\/akita-frey.ch\/fr\/wp-json\/wp\/v2\/types\/page\/"}],"author":[{"embeddable":true,"href":"https:\/\/akita-frey.ch\/fr\/wp-json\/wp\/v2\/users\/1\/"}],"replies":[{"embeddable":true,"href":"https:\/\/akita-frey.ch\/fr\/wp-json\/wp\/v2\/comments\/?post=818"}],"version-history":[{"count":4,"href":"https:\/\/akita-frey.ch\/fr\/wp-json\/wp\/v2\/pages\/818\/revisions\/"}],"predecessor-version":[{"id":1147,"href":"https:\/\/akita-frey.ch\/fr\/wp-json\/wp\/v2\/pages\/818\/revisions\/1147\/"}],"wp:attachment":[{"href":"https:\/\/akita-frey.ch\/fr\/wp-json\/wp\/v2\/media\/?parent=818"}],"curies":[{"name":"wp","href":"https:\/\/api.w.org\/{rel}","templated":true}]}}