{"id":815,"date":"2017-03-15T11:05:49","date_gmt":"2017-03-15T10:05:49","guid":{"rendered":"http:\/\/akita-frey.ch\/eignung-des-akitas\/"},"modified":"2017-06-29T20:35:37","modified_gmt":"2017-06-29T18:35:37","slug":"utilisationetaptitudes","status":"publish","type":"page","link":"https:\/\/akita-frey.ch\/fr\/utilisationetaptitudes\/","title":{"rendered":"Utilisation et aptitudes"},"content":{"rendered":"[vc_row][vc_column][vc_column_text]\n<h1>Utilisation et aptitudes<\/h1>\n[\/vc_column_text][vc_column_text]L&rsquo;Akita a envers les hommes un grand respect, il fait donc un mauvais chien d&rsquo;attaque. Aujourd&rsquo;hui, c&rsquo;est principalement un chien de garde ou de compagnie.<\/p>\n<p>L&rsquo;Akita se d\u00e9marque car il demande une \u00e9ducation soign\u00e9e, mais il offre un large panel de comp\u00e9tences. Il peut \u00eatre employ\u00e9 pour la chasse, la protection, la garde ou encore comme chien-guide d&rsquo;aveugle.<\/p>\n<p>Sur l&rsquo;\u00eele japonaise d&rsquo;Hokkaido, il est encore utilis\u00e9 comme chien de chasse et chien de tra\u00eeneau. Il chasse le petit gibier et le gibier \u00e0 plumes. Mais pas seulement. En effet, on l&#8217;emploie dans la chasse \u00e0 l&rsquo;ours ou au cerf. Dans la fonction de chien de tra\u00eeneau, l&rsquo;Akita s&rsquo;illustre \u00e9galement, bien que son caract\u00e8re calme mais dominant est assez diff\u00e9rent de celui des autres races de chiens de tra\u00eeneau.[\/vc_column_text][vc_row_inner][vc_column_inner width=\u00a0\u00bb1\/3&Prime;][vc_single_image image=\u00a0\u00bb393&Prime; img_size=\u00a0\u00bbfull\u00a0\u00bb add_caption=\u00a0\u00bbyes\u00a0\u00bb][\/vc_column_inner][vc_column_inner width=\u00a0\u00bb1\/3&Prime;][vc_single_image image=\u00a0\u00bb394&Prime; img_size=\u00a0\u00bbfull\u00a0\u00bb add_caption=\u00a0\u00bbyes\u00a0\u00bb][\/vc_column_inner][vc_column_inner width=\u00a0\u00bb1\/3&Prime;][vc_single_image image=\u00a0\u00bb395&Prime; img_size=\u00a0\u00bbfull\u00a0\u00bb add_caption=\u00a0\u00bbyes\u00a0\u00bb][\/vc_column_inner][\/vc_row_inner][\/vc_column][\/vc_row]\n","protected":false},"excerpt":{"rendered":"<p>[vc_row][vc_column][vc_column_text] Utilisation et aptitudes [\/vc_column_text][vc_column_text]L&rsquo;Akita a envers les hommes un grand respect, il fait donc un mauvais chien d&rsquo;attaque. Aujourd&rsquo;hui, c&rsquo;est principalement un chien de garde ou de compagnie. L&rsquo;Akita se d\u00e9marque car il demande une \u00e9ducation soign\u00e9e, mais il offre un large panel de comp\u00e9tences. Il peut \u00eatre employ\u00e9 pour la chasse, la protection, la garde ou encore comme chien-guide d&rsquo;aveugle. Sur l&rsquo;\u00eele japonaise d&rsquo;Hokkaido, il est encore utilis\u00e9 comme chien de chasse et chien de tra\u00eeneau. Il chasse le petit gibier et le gibier \u00e0 plumes. Mais pas seulement. En effet, on l&#8217;emploie dans la chasse \u00e0 l&rsquo;ours ou au cerf. Dans la fonction de chien de tra\u00eeneau, l&rsquo;Akita s&rsquo;illustre \u00e9galement, bien que son caract\u00e8re calme mais dominant est assez diff\u00e9rent de celui des autres races de chiens de tra\u00eeneau.[\/vc_column_text][vc_row_inner][vc_column_inner width=\u00a0\u00bb1\/3&Prime;][vc_single_image image=\u00a0\u00bb393&Prime; img_size=\u00a0\u00bbfull\u00a0\u00bb add_caption=\u00a0\u00bbyes\u00a0\u00bb][\/vc_column_inner][vc_column_inner width=\u00a0\u00bb1\/3&Prime;][vc_single_image image=\u00a0\u00bb394&Prime; img_size=\u00a0\u00bbfull\u00a0\u00bb add_caption=\u00a0\u00bbyes\u00a0\u00bb][\/vc_column_inner][vc_column_inner width=\u00a0\u00bb1\/3&Prime;][vc_single_image image=\u00a0\u00bb395&Prime; img_size=\u00a0\u00bbfull\u00a0\u00bb add_caption=\u00a0\u00bbyes\u00a0\u00bb][\/vc_column_inner][\/vc_row_inner][\/vc_column][\/vc_row]<\/p>\n","protected":false},"author":1,"featured_media":0,"parent":0,"menu_order":0,"comment_status":"closed","ping_status":"closed","template":"","meta":{"footnotes":""},"class_list":["post-815","page","type-page","status-publish","hentry","entry","post-inner"],"yoast_head":"<!-- This site is optimized with the Yoast SEO plugin v23.8 - https:\/\/yoast.com\/wordpress\/plugins\/seo\/ -->\n<title>Utilisation et aptitudes - akita-frey<\/title>\n<meta name=\"robots\" content=\"index, follow, max-snippet:-1, max-image-preview:large, max-video-preview:-1\" \/>\n<link rel=\"canonical\" href=\"https:\/\/akita-frey.ch\/fr\/rasse\/eignung-des-akitas\/\" \/>\n<meta property=\"og:locale\" content=\"fr_FR\" \/>\n<meta property=\"og:type\" content=\"article\" \/>\n<meta property=\"og:title\" content=\"Utilisation et aptitudes - akita-frey\" \/>\n<meta property=\"og:description\" content=\"[vc_row][vc_column][vc_column_text] Utilisation et aptitudes [\/vc_column_text][vc_column_text]L&rsquo;Akita a envers les hommes un grand respect, il fait donc un mauvais chien d&rsquo;attaque. Aujourd&rsquo;hui, c&rsquo;est principalement un chien de garde ou de compagnie. L&rsquo;Akita se d\u00e9marque car il demande une \u00e9ducation soign\u00e9e, mais il offre un large panel de comp\u00e9tences. Il peut \u00eatre employ\u00e9 pour la chasse, la protection, la garde ou encore comme chien-guide d&rsquo;aveugle. Sur l&rsquo;\u00eele japonaise d&rsquo;Hokkaido, il est encore utilis\u00e9 comme chien de chasse et chien de tra\u00eeneau. Il chasse le petit gibier et le gibier \u00e0 plumes. Mais pas seulement. En effet, on l&#8217;emploie dans la chasse \u00e0 l&rsquo;ours ou au cerf. Dans la fonction de chien de tra\u00eeneau, l&rsquo;Akita s&rsquo;illustre \u00e9galement, bien que son caract\u00e8re calme mais dominant est assez diff\u00e9rent de celui des autres races de chiens de tra\u00eeneau.[\/vc_column_text][vc_row_inner][vc_column_inner width=\u00a0\u00bb1\/3&Prime;][vc_single_image image=\u00a0\u00bb393&Prime; img_size=\u00a0\u00bbfull\u00a0\u00bb add_caption=\u00a0\u00bbyes\u00a0\u00bb][\/vc_column_inner][vc_column_inner width=\u00a0\u00bb1\/3&Prime;][vc_single_image image=\u00a0\u00bb394&Prime; img_size=\u00a0\u00bbfull\u00a0\u00bb add_caption=\u00a0\u00bbyes\u00a0\u00bb][\/vc_column_inner][vc_column_inner width=\u00a0\u00bb1\/3&Prime;][vc_single_image image=\u00a0\u00bb395&Prime; img_size=\u00a0\u00bbfull\u00a0\u00bb add_caption=\u00a0\u00bbyes\u00a0\u00bb][\/vc_column_inner][\/vc_row_inner][\/vc_column][\/vc_row]\" \/>\n<meta property=\"og:url\" content=\"https:\/\/akita-frey.ch\/rasse\/eignung-des-akitas\/\" \/>\n<meta property=\"og:site_name\" content=\"akita-frey\" \/>\n<meta property=\"article:modified_time\" content=\"2017-06-29T18:35:37+00:00\" \/>\n<meta name=\"twitter:card\" content=\"summary_large_image\" \/>\n<meta name=\"twitter:label1\" content=\"Dur\u00e9e de lecture estim\u00e9e\" \/>\n\t<meta name=\"twitter:data1\" content=\"1 minute\" \/>\n<script type=\"application\/ld+json\" class=\"yoast-schema-graph\">{\"@context\":\"https:\/\/schema.org\",\"@graph\":[{\"@type\":\"WebPage\",\"@id\":\"https:\/\/akita-frey.ch\/rasse\/eignung-des-akitas\/\",\"url\":\"https:\/\/akita-frey.ch\/rasse\/eignung-des-akitas\/\",\"name\":\"Utilisation et aptitudes - akita-frey\",\"isPartOf\":{\"@id\":\"https:\/\/akita-frey.ch\/#website\"},\"datePublished\":\"2017-03-15T10:05:49+00:00\",\"dateModified\":\"2017-06-29T18:35:37+00:00\",\"breadcrumb\":{\"@id\":\"https:\/\/akita-frey.ch\/rasse\/eignung-des-akitas\/#breadcrumb\"},\"inLanguage\":\"fr-FR\",\"potentialAction\":[{\"@type\":\"ReadAction\",\"target\":[\"https:\/\/akita-frey.ch\/rasse\/eignung-des-akitas\/\"]}]},{\"@type\":\"BreadcrumbList\",\"@id\":\"https:\/\/akita-frey.ch\/rasse\/eignung-des-akitas\/#breadcrumb\",\"itemListElement\":[{\"@type\":\"ListItem\",\"position\":1,\"name\":\"Startseite\",\"item\":\"https:\/\/akita-frey.ch\/fr\/\"},{\"@type\":\"ListItem\",\"position\":2,\"name\":\"Utilisation et aptitudes\"}]},{\"@type\":\"WebSite\",\"@id\":\"https:\/\/akita-frey.ch\/#website\",\"url\":\"https:\/\/akita-frey.ch\/\",\"name\":\"akita-frey\",\"description\":\"AKTIA INU OF IKENOHATADE\",\"potentialAction\":[{\"@type\":\"SearchAction\",\"target\":{\"@type\":\"EntryPoint\",\"urlTemplate\":\"https:\/\/akita-frey.ch\/?s={search_term_string}\"},\"query-input\":{\"@type\":\"PropertyValueSpecification\",\"valueRequired\":true,\"valueName\":\"search_term_string\"}}],\"inLanguage\":\"fr-FR\"}]}<\/script>\n<!-- \/ Yoast SEO plugin. -->","yoast_head_json":{"title":"Utilisation et aptitudes - akita-frey","robots":{"index":"index","follow":"follow","max-snippet":"max-snippet:-1","max-image-preview":"max-image-preview:large","max-video-preview":"max-video-preview:-1"},"canonical":"https:\/\/akita-frey.ch\/fr\/rasse\/eignung-des-akitas\/","og_locale":"fr_FR","og_type":"article","og_title":"Utilisation et aptitudes - akita-frey","og_description":"[vc_row][vc_column][vc_column_text] Utilisation et aptitudes [\/vc_column_text][vc_column_text]L&rsquo;Akita a envers les hommes un grand respect, il fait donc un mauvais chien d&rsquo;attaque. Aujourd&rsquo;hui, c&rsquo;est principalement un chien de garde ou de compagnie. L&rsquo;Akita se d\u00e9marque car il demande une \u00e9ducation soign\u00e9e, mais il offre un large panel de comp\u00e9tences. Il peut \u00eatre employ\u00e9 pour la chasse, la protection, la garde ou encore comme chien-guide d&rsquo;aveugle. Sur l&rsquo;\u00eele japonaise d&rsquo;Hokkaido, il est encore utilis\u00e9 comme chien de chasse et chien de tra\u00eeneau. Il chasse le petit gibier et le gibier \u00e0 plumes. Mais pas seulement. En effet, on l&#8217;emploie dans la chasse \u00e0 l&rsquo;ours ou au cerf. Dans la fonction de chien de tra\u00eeneau, l&rsquo;Akita s&rsquo;illustre \u00e9galement, bien que son caract\u00e8re calme mais dominant est assez diff\u00e9rent de celui des autres races de chiens de tra\u00eeneau.[\/vc_column_text][vc_row_inner][vc_column_inner width=\u00a0\u00bb1\/3&Prime;][vc_single_image image=\u00a0\u00bb393&Prime; img_size=\u00a0\u00bbfull\u00a0\u00bb add_caption=\u00a0\u00bbyes\u00a0\u00bb][\/vc_column_inner][vc_column_inner width=\u00a0\u00bb1\/3&Prime;][vc_single_image image=\u00a0\u00bb394&Prime; img_size=\u00a0\u00bbfull\u00a0\u00bb add_caption=\u00a0\u00bbyes\u00a0\u00bb][\/vc_column_inner][vc_column_inner width=\u00a0\u00bb1\/3&Prime;][vc_single_image image=\u00a0\u00bb395&Prime; img_size=\u00a0\u00bbfull\u00a0\u00bb add_caption=\u00a0\u00bbyes\u00a0\u00bb][\/vc_column_inner][\/vc_row_inner][\/vc_column][\/vc_row]","og_url":"https:\/\/akita-frey.ch\/rasse\/eignung-des-akitas\/","og_site_name":"akita-frey","article_modified_time":"2017-06-29T18:35:37+00:00","twitter_card":"summary_large_image","twitter_misc":{"Dur\u00e9e de lecture estim\u00e9e":"1 minute"},"schema":{"@context":"https:\/\/schema.org","@graph":[{"@type":"WebPage","@id":"https:\/\/akita-frey.ch\/rasse\/eignung-des-akitas\/","url":"https:\/\/akita-frey.ch\/rasse\/eignung-des-akitas\/","name":"Utilisation et aptitudes - akita-frey","isPartOf":{"@id":"https:\/\/akita-frey.ch\/#website"},"datePublished":"2017-03-15T10:05:49+00:00","dateModified":"2017-06-29T18:35:37+00:00","breadcrumb":{"@id":"https:\/\/akita-frey.ch\/rasse\/eignung-des-akitas\/#breadcrumb"},"inLanguage":"fr-FR","potentialAction":[{"@type":"ReadAction","target":["https:\/\/akita-frey.ch\/rasse\/eignung-des-akitas\/"]}]},{"@type":"BreadcrumbList","@id":"https:\/\/akita-frey.ch\/rasse\/eignung-des-akitas\/#breadcrumb","itemListElement":[{"@type":"ListItem","position":1,"name":"Startseite","item":"https:\/\/akita-frey.ch\/fr\/"},{"@type":"ListItem","position":2,"name":"Utilisation et aptitudes"}]},{"@type":"WebSite","@id":"https:\/\/akita-frey.ch\/#website","url":"https:\/\/akita-frey.ch\/","name":"akita-frey","description":"AKTIA INU OF IKENOHATADE","potentialAction":[{"@type":"SearchAction","target":{"@type":"EntryPoint","urlTemplate":"https:\/\/akita-frey.ch\/?s={search_term_string}"},"query-input":{"@type":"PropertyValueSpecification","valueRequired":true,"valueName":"search_term_string"}}],"inLanguage":"fr-FR"}]}},"_links":{"self":[{"href":"https:\/\/akita-frey.ch\/fr\/wp-json\/wp\/v2\/pages\/815\/"}],"collection":[{"href":"https:\/\/akita-frey.ch\/fr\/wp-json\/wp\/v2\/pages\/"}],"about":[{"href":"https:\/\/akita-frey.ch\/fr\/wp-json\/wp\/v2\/types\/page\/"}],"author":[{"embeddable":true,"href":"https:\/\/akita-frey.ch\/fr\/wp-json\/wp\/v2\/users\/1\/"}],"replies":[{"embeddable":true,"href":"https:\/\/akita-frey.ch\/fr\/wp-json\/wp\/v2\/comments\/?post=815"}],"version-history":[{"count":2,"href":"https:\/\/akita-frey.ch\/fr\/wp-json\/wp\/v2\/pages\/815\/revisions\/"}],"predecessor-version":[{"id":1115,"href":"https:\/\/akita-frey.ch\/fr\/wp-json\/wp\/v2\/pages\/815\/revisions\/1115\/"}],"wp:attachment":[{"href":"https:\/\/akita-frey.ch\/fr\/wp-json\/wp\/v2\/media\/?parent=815"}],"curies":[{"name":"wp","href":"https:\/\/api.w.org\/{rel}","templated":true}]}}