{"id":813,"date":"2017-03-15T11:06:16","date_gmt":"2017-03-15T10:06:16","guid":{"rendered":"http:\/\/akita-frey.ch\/koerperbau-und-fellfarbe\/"},"modified":"2017-06-30T11:09:11","modified_gmt":"2017-06-30T09:09:11","slug":"comformationetcouleursderobe","status":"publish","type":"page","link":"https:\/\/akita-frey.ch\/fr\/comformationetcouleursderobe\/","title":{"rendered":"Conformation et couleurs de robe"},"content":{"rendered":"[vc_row][vc_column][vc_column_text]\n<h1>Conformation et couleurs de robe<\/h1>\n[\/vc_column_text][vc_column_text]L&rsquo;Akita est un grand chien, de conformation stable, bien proportionn\u00e9. Il a beaucoup de substance. Les qualit\u00e9s marquantes du chien sont :<br \/>\n-des oreilles petites mais port\u00e9es hautes et l\u00e9g\u00e8rement vers l&rsquo;avant<br \/>\n-une belle queue enroul\u00e9e sur elle-m\u00eame<br \/>\n-un pelage dru mais avec un sous-poil doux et \u00e9pais<br \/>\n-un caract\u00e8re calme.<\/p>\n<p>Les couleurs de robes admises au Japon et dans les pays adh\u00e9rant \u00e0 la F.C.I sont le roux avec masque clair, le bring\u00e9 avec masque clair et le blanc.[\/vc_column_text][vc_row_inner][vc_column_inner width=\u00a0\u00bb1\/3&Prime;][vc_single_image image=\u00a0\u00bb398&Prime; img_size=\u00a0\u00bbfull\u00a0\u00bb add_caption=\u00a0\u00bbyes\u00a0\u00bb][\/vc_column_inner][vc_column_inner width=\u00a0\u00bb1\/3&Prime;][vc_single_image image=\u00a0\u00bb400&Prime; img_size=\u00a0\u00bbfull\u00a0\u00bb add_caption=\u00a0\u00bbyes\u00a0\u00bb][\/vc_column_inner][vc_column_inner width=\u00a0\u00bb1\/3&Prime;][vc_single_image image=\u00a0\u00bb399&Prime; img_size=\u00a0\u00bbfull\u00a0\u00bb add_caption=\u00a0\u00bbyes\u00a0\u00bb][\/vc_column_inner][\/vc_row_inner][\/vc_column][\/vc_row]\n","protected":false},"excerpt":{"rendered":"<p>[vc_row][vc_column][vc_column_text] Conformation et couleurs de robe [\/vc_column_text][vc_column_text]L&rsquo;Akita est un grand chien, de conformation stable, bien proportionn\u00e9. Il a beaucoup de substance. Les qualit\u00e9s marquantes du chien sont : -des oreilles petites mais port\u00e9es hautes et l\u00e9g\u00e8rement vers l&rsquo;avant -une belle queue enroul\u00e9e sur elle-m\u00eame -un pelage dru mais avec un sous-poil doux et \u00e9pais -un caract\u00e8re calme. Les couleurs de robes admises au Japon et dans les pays adh\u00e9rant \u00e0 la F.C.I sont le roux avec masque clair, le bring\u00e9 avec masque clair et le blanc.[\/vc_column_text][vc_row_inner][vc_column_inner width=\u00a0\u00bb1\/3&Prime;][vc_single_image image=\u00a0\u00bb398&Prime; img_size=\u00a0\u00bbfull\u00a0\u00bb add_caption=\u00a0\u00bbyes\u00a0\u00bb][\/vc_column_inner][vc_column_inner width=\u00a0\u00bb1\/3&Prime;][vc_single_image image=\u00a0\u00bb400&Prime; img_size=\u00a0\u00bbfull\u00a0\u00bb add_caption=\u00a0\u00bbyes\u00a0\u00bb][\/vc_column_inner][vc_column_inner width=\u00a0\u00bb1\/3&Prime;][vc_single_image image=\u00a0\u00bb399&Prime; img_size=\u00a0\u00bbfull\u00a0\u00bb add_caption=\u00a0\u00bbyes\u00a0\u00bb][\/vc_column_inner][\/vc_row_inner][\/vc_column][\/vc_row]<\/p>\n","protected":false},"author":1,"featured_media":0,"parent":0,"menu_order":0,"comment_status":"closed","ping_status":"closed","template":"","meta":{"footnotes":""},"class_list":["post-813","page","type-page","status-publish","hentry","entry","post-inner"],"yoast_head":"<!-- This site is optimized with the Yoast SEO plugin v23.8 - https:\/\/yoast.com\/wordpress\/plugins\/seo\/ -->\n<title>Conformation et couleurs de robe - akita-frey<\/title>\n<meta name=\"robots\" content=\"index, follow, max-snippet:-1, max-image-preview:large, max-video-preview:-1\" \/>\n<link rel=\"canonical\" href=\"https:\/\/akita-frey.ch\/fr\/rasse\/koerperbau-und-fellfarbe\/\" \/>\n<meta property=\"og:locale\" content=\"fr_FR\" \/>\n<meta property=\"og:type\" content=\"article\" \/>\n<meta property=\"og:title\" content=\"Conformation et couleurs de robe - akita-frey\" \/>\n<meta property=\"og:description\" content=\"[vc_row][vc_column][vc_column_text] Conformation et couleurs de robe [\/vc_column_text][vc_column_text]L&rsquo;Akita est un grand chien, de conformation stable, bien proportionn\u00e9. Il a beaucoup de substance. Les qualit\u00e9s marquantes du chien sont : -des oreilles petites mais port\u00e9es hautes et l\u00e9g\u00e8rement vers l&rsquo;avant -une belle queue enroul\u00e9e sur elle-m\u00eame -un pelage dru mais avec un sous-poil doux et \u00e9pais -un caract\u00e8re calme. Les couleurs de robes admises au Japon et dans les pays adh\u00e9rant \u00e0 la F.C.I sont le roux avec masque clair, le bring\u00e9 avec masque clair et le blanc.[\/vc_column_text][vc_row_inner][vc_column_inner width=\u00a0\u00bb1\/3&Prime;][vc_single_image image=\u00a0\u00bb398&Prime; img_size=\u00a0\u00bbfull\u00a0\u00bb add_caption=\u00a0\u00bbyes\u00a0\u00bb][\/vc_column_inner][vc_column_inner width=\u00a0\u00bb1\/3&Prime;][vc_single_image image=\u00a0\u00bb400&Prime; img_size=\u00a0\u00bbfull\u00a0\u00bb add_caption=\u00a0\u00bbyes\u00a0\u00bb][\/vc_column_inner][vc_column_inner width=\u00a0\u00bb1\/3&Prime;][vc_single_image image=\u00a0\u00bb399&Prime; img_size=\u00a0\u00bbfull\u00a0\u00bb add_caption=\u00a0\u00bbyes\u00a0\u00bb][\/vc_column_inner][\/vc_row_inner][\/vc_column][\/vc_row]\" \/>\n<meta property=\"og:url\" content=\"https:\/\/akita-frey.ch\/rasse\/koerperbau-und-fellfarbe\/\" \/>\n<meta property=\"og:site_name\" content=\"akita-frey\" \/>\n<meta property=\"article:modified_time\" content=\"2017-06-30T09:09:11+00:00\" \/>\n<meta name=\"twitter:card\" content=\"summary_large_image\" \/>\n<meta name=\"twitter:label1\" content=\"Dur\u00e9e de lecture estim\u00e9e\" \/>\n\t<meta name=\"twitter:data1\" content=\"1 minute\" \/>\n<script type=\"application\/ld+json\" class=\"yoast-schema-graph\">{\"@context\":\"https:\/\/schema.org\",\"@graph\":[{\"@type\":\"WebPage\",\"@id\":\"https:\/\/akita-frey.ch\/rasse\/koerperbau-und-fellfarbe\/\",\"url\":\"https:\/\/akita-frey.ch\/rasse\/koerperbau-und-fellfarbe\/\",\"name\":\"Conformation et couleurs de robe - akita-frey\",\"isPartOf\":{\"@id\":\"https:\/\/akita-frey.ch\/#website\"},\"datePublished\":\"2017-03-15T10:06:16+00:00\",\"dateModified\":\"2017-06-30T09:09:11+00:00\",\"breadcrumb\":{\"@id\":\"https:\/\/akita-frey.ch\/rasse\/koerperbau-und-fellfarbe\/#breadcrumb\"},\"inLanguage\":\"fr-FR\",\"potentialAction\":[{\"@type\":\"ReadAction\",\"target\":[\"https:\/\/akita-frey.ch\/rasse\/koerperbau-und-fellfarbe\/\"]}]},{\"@type\":\"BreadcrumbList\",\"@id\":\"https:\/\/akita-frey.ch\/rasse\/koerperbau-und-fellfarbe\/#breadcrumb\",\"itemListElement\":[{\"@type\":\"ListItem\",\"position\":1,\"name\":\"Startseite\",\"item\":\"https:\/\/akita-frey.ch\/fr\/\"},{\"@type\":\"ListItem\",\"position\":2,\"name\":\"Conformation et couleurs de robe\"}]},{\"@type\":\"WebSite\",\"@id\":\"https:\/\/akita-frey.ch\/#website\",\"url\":\"https:\/\/akita-frey.ch\/\",\"name\":\"akita-frey\",\"description\":\"AKTIA INU OF IKENOHATADE\",\"potentialAction\":[{\"@type\":\"SearchAction\",\"target\":{\"@type\":\"EntryPoint\",\"urlTemplate\":\"https:\/\/akita-frey.ch\/?s={search_term_string}\"},\"query-input\":{\"@type\":\"PropertyValueSpecification\",\"valueRequired\":true,\"valueName\":\"search_term_string\"}}],\"inLanguage\":\"fr-FR\"}]}<\/script>\n<!-- \/ Yoast SEO plugin. -->","yoast_head_json":{"title":"Conformation et couleurs de robe - akita-frey","robots":{"index":"index","follow":"follow","max-snippet":"max-snippet:-1","max-image-preview":"max-image-preview:large","max-video-preview":"max-video-preview:-1"},"canonical":"https:\/\/akita-frey.ch\/fr\/rasse\/koerperbau-und-fellfarbe\/","og_locale":"fr_FR","og_type":"article","og_title":"Conformation et couleurs de robe - akita-frey","og_description":"[vc_row][vc_column][vc_column_text] Conformation et couleurs de robe [\/vc_column_text][vc_column_text]L&rsquo;Akita est un grand chien, de conformation stable, bien proportionn\u00e9. Il a beaucoup de substance. Les qualit\u00e9s marquantes du chien sont : -des oreilles petites mais port\u00e9es hautes et l\u00e9g\u00e8rement vers l&rsquo;avant -une belle queue enroul\u00e9e sur elle-m\u00eame -un pelage dru mais avec un sous-poil doux et \u00e9pais -un caract\u00e8re calme. Les couleurs de robes admises au Japon et dans les pays adh\u00e9rant \u00e0 la F.C.I sont le roux avec masque clair, le bring\u00e9 avec masque clair et le blanc.[\/vc_column_text][vc_row_inner][vc_column_inner width=\u00a0\u00bb1\/3&Prime;][vc_single_image image=\u00a0\u00bb398&Prime; img_size=\u00a0\u00bbfull\u00a0\u00bb add_caption=\u00a0\u00bbyes\u00a0\u00bb][\/vc_column_inner][vc_column_inner width=\u00a0\u00bb1\/3&Prime;][vc_single_image image=\u00a0\u00bb400&Prime; img_size=\u00a0\u00bbfull\u00a0\u00bb add_caption=\u00a0\u00bbyes\u00a0\u00bb][\/vc_column_inner][vc_column_inner width=\u00a0\u00bb1\/3&Prime;][vc_single_image image=\u00a0\u00bb399&Prime; img_size=\u00a0\u00bbfull\u00a0\u00bb add_caption=\u00a0\u00bbyes\u00a0\u00bb][\/vc_column_inner][\/vc_row_inner][\/vc_column][\/vc_row]","og_url":"https:\/\/akita-frey.ch\/rasse\/koerperbau-und-fellfarbe\/","og_site_name":"akita-frey","article_modified_time":"2017-06-30T09:09:11+00:00","twitter_card":"summary_large_image","twitter_misc":{"Dur\u00e9e de lecture estim\u00e9e":"1 minute"},"schema":{"@context":"https:\/\/schema.org","@graph":[{"@type":"WebPage","@id":"https:\/\/akita-frey.ch\/rasse\/koerperbau-und-fellfarbe\/","url":"https:\/\/akita-frey.ch\/rasse\/koerperbau-und-fellfarbe\/","name":"Conformation et couleurs de robe - akita-frey","isPartOf":{"@id":"https:\/\/akita-frey.ch\/#website"},"datePublished":"2017-03-15T10:06:16+00:00","dateModified":"2017-06-30T09:09:11+00:00","breadcrumb":{"@id":"https:\/\/akita-frey.ch\/rasse\/koerperbau-und-fellfarbe\/#breadcrumb"},"inLanguage":"fr-FR","potentialAction":[{"@type":"ReadAction","target":["https:\/\/akita-frey.ch\/rasse\/koerperbau-und-fellfarbe\/"]}]},{"@type":"BreadcrumbList","@id":"https:\/\/akita-frey.ch\/rasse\/koerperbau-und-fellfarbe\/#breadcrumb","itemListElement":[{"@type":"ListItem","position":1,"name":"Startseite","item":"https:\/\/akita-frey.ch\/fr\/"},{"@type":"ListItem","position":2,"name":"Conformation et couleurs de robe"}]},{"@type":"WebSite","@id":"https:\/\/akita-frey.ch\/#website","url":"https:\/\/akita-frey.ch\/","name":"akita-frey","description":"AKTIA INU OF IKENOHATADE","potentialAction":[{"@type":"SearchAction","target":{"@type":"EntryPoint","urlTemplate":"https:\/\/akita-frey.ch\/?s={search_term_string}"},"query-input":{"@type":"PropertyValueSpecification","valueRequired":true,"valueName":"search_term_string"}}],"inLanguage":"fr-FR"}]}},"_links":{"self":[{"href":"https:\/\/akita-frey.ch\/fr\/wp-json\/wp\/v2\/pages\/813\/"}],"collection":[{"href":"https:\/\/akita-frey.ch\/fr\/wp-json\/wp\/v2\/pages\/"}],"about":[{"href":"https:\/\/akita-frey.ch\/fr\/wp-json\/wp\/v2\/types\/page\/"}],"author":[{"embeddable":true,"href":"https:\/\/akita-frey.ch\/fr\/wp-json\/wp\/v2\/users\/1\/"}],"replies":[{"embeddable":true,"href":"https:\/\/akita-frey.ch\/fr\/wp-json\/wp\/v2\/comments\/?post=813"}],"version-history":[{"count":4,"href":"https:\/\/akita-frey.ch\/fr\/wp-json\/wp\/v2\/pages\/813\/revisions\/"}],"predecessor-version":[{"id":1141,"href":"https:\/\/akita-frey.ch\/fr\/wp-json\/wp\/v2\/pages\/813\/revisions\/1141\/"}],"wp:attachment":[{"href":"https:\/\/akita-frey.ch\/fr\/wp-json\/wp\/v2\/media\/?parent=813"}],"curies":[{"name":"wp","href":"https:\/\/api.w.org\/{rel}","templated":true}]}}