{"id":810,"date":"2017-03-15T11:06:42","date_gmt":"2017-03-15T10:06:42","guid":{"rendered":"http:\/\/akita-frey.ch\/mauser-des-akitas\/"},"modified":"2017-06-30T10:16:19","modified_gmt":"2017-06-30T08:16:19","slug":"lamue","status":"publish","type":"page","link":"https:\/\/akita-frey.ch\/fr\/lamue\/","title":{"rendered":"La mue"},"content":{"rendered":"[vc_row][vc_column][vc_column_text]\n<h1>La mue<\/h1>\n[\/vc_column_text][\/vc_column][\/vc_row][vc_row][vc_column width=\u00a0\u00bb1\/2&Prime;][vc_column_text]L&rsquo;Akita mue deux fois par an. On peut en effet plus parler d&rsquo;une mue que d&rsquo;une simple perte de poils. Au moment de la chute des poils, il faut imp\u00e9rativement brosser le chien de mani\u00e8re ultra r\u00e9guli\u00e8re, pour diminuer d&rsquo;autant la dur\u00e9e de la mue.<br \/>\nDans le m\u00eame temps, vous trouverez dans votre habitation des boules de poils (des moutons) qui se ramassent tr\u00e8s facilement \u00e0 la main.<\/p>\n<p>En dehors de la mue, le pelage de l&rsquo;Akita ne demande pas d&rsquo;entretien particulier.[\/vc_column_text][\/vc_column][vc_column width=\u00a0\u00bb1\/2&Prime;][vc_single_image image=\u00a0\u00bb405&Prime; img_size=\u00a0\u00bbfull\u00a0\u00bb alignment=\u00a0\u00bbright\u00a0\u00bb][\/vc_column][\/vc_row][vc_row][vc_column width=\u00a0\u00bb1\/2&Prime;][vc_column_text]Notre exp\u00e9rience des Akitas nous a \u00e9galement montr\u00e9e que les poils se retiraient facilement des v\u00eatements. Il faut les rouler avec la main, afin d&rsquo;obtenir des pelotes que l&rsquo;on peut facilement retirer avec les doigts. Contrairement aux poils de chiens au pelage plus ras qui ont tendance \u00e0 se planter dans les mailles des tissus.[\/vc_column_text][\/vc_column][vc_column width=\u00a0\u00bb1\/2&Prime;][vc_single_image image=\u00a0\u00bb406&Prime; img_size=\u00a0\u00bbfull\u00a0\u00bb alignment=\u00a0\u00bbright\u00a0\u00bb][\/vc_column][\/vc_row][vc_row][vc_column width=\u00a0\u00bb1\/2&Prime;][vc_column_text]Il est aussi agr\u00e9able de constater que lorsque le chien est mouill\u00e9, il ne d\u00e9gage presque aucune odeur, contrairement \u00e0 ce que nous avait habitu\u00e9 notre Berger allemand.<\/p>\n<p>Lorsque le chien est sec, la salet\u00e9 tombe d&rsquo;elle-m\u00eame.<\/p>\n<p>Par exemple, notre m\u00e2le a bient\u00f4t 8 ans et dans toute sa vie, il n&rsquo;a re\u00e7u que deux bains, et encore seulement parce qu&rsquo;il s&rsquo;agissait de deux tr\u00e8s grandes expositions!<\/p>\n<p>Mais si bain il y a, ce n&rsquo;est pas une mince affaire. Une seule bouteille de shampoing ne suffit pas \u00e0 nettoyer tout le chien. Le sous-poil \u00e9tant si \u00e9pais, il faut beaucoup d&rsquo;eau, de shampoing et de temps pour seulement atteindre la peau.[\/vc_column_text][\/vc_column][vc_column width=\u00a0\u00bb1\/2&Prime;][vc_single_image image=\u00a0\u00bb407&Prime; img_size=\u00a0\u00bbfull\u00a0\u00bb alignment=\u00a0\u00bbright\u00a0\u00bb][\/vc_column][\/vc_row]\n","protected":false},"excerpt":{"rendered":"<p>[vc_row][vc_column][vc_column_text] La mue [\/vc_column_text][\/vc_column][\/vc_row][vc_row][vc_column width=\u00a0\u00bb1\/2&Prime;][vc_column_text]L&rsquo;Akita mue deux fois par an. On peut en effet plus parler d&rsquo;une mue que d&rsquo;une simple perte de poils. Au moment de la chute des poils, il faut imp\u00e9rativement brosser le chien de mani\u00e8re ultra r\u00e9guli\u00e8re, pour diminuer d&rsquo;autant la dur\u00e9e de la mue. Dans le m\u00eame temps, vous trouverez dans votre habitation des boules de poils (des moutons) qui se ramassent tr\u00e8s facilement \u00e0 la main. En dehors de la mue, le pelage de l&rsquo;Akita ne demande pas d&rsquo;entretien particulier.[\/vc_column_text][\/vc_column][vc_column width=\u00a0\u00bb1\/2&Prime;][vc_single_image image=\u00a0\u00bb405&Prime; img_size=\u00a0\u00bbfull\u00a0\u00bb alignment=\u00a0\u00bbright\u00a0\u00bb][\/vc_column][\/vc_row][vc_row][vc_column width=\u00a0\u00bb1\/2&Prime;][vc_column_text]Notre exp\u00e9rience des Akitas nous a \u00e9galement montr\u00e9e que les poils se retiraient facilement des v\u00eatements. Il faut les rouler avec la main, afin d&rsquo;obtenir des pelotes que l&rsquo;on peut facilement retirer avec les doigts. Contrairement aux poils de chiens au pelage plus ras qui ont tendance \u00e0 se planter dans les mailles des tissus.[\/vc_column_text][\/vc_column][vc_column width=\u00a0\u00bb1\/2&Prime;][vc_single_image image=\u00a0\u00bb406&Prime; img_size=\u00a0\u00bbfull\u00a0\u00bb alignment=\u00a0\u00bbright\u00a0\u00bb][\/vc_column][\/vc_row][vc_row][vc_column width=\u00a0\u00bb1\/2&Prime;][vc_column_text]Il est aussi agr\u00e9able de constater que lorsque le chien est mouill\u00e9, il ne d\u00e9gage presque aucune odeur, contrairement \u00e0 ce que nous avait habitu\u00e9 notre Berger allemand. Lorsque le chien est sec, la salet\u00e9 tombe d&rsquo;elle-m\u00eame. Par exemple, notre m\u00e2le a bient\u00f4t 8 ans et dans toute sa vie, il n&rsquo;a re\u00e7u que deux bains, et encore seulement parce qu&rsquo;il s&rsquo;agissait de deux tr\u00e8s grandes expositions! Mais si bain il y a, ce n&rsquo;est pas une mince affaire. Une seule bouteille de shampoing ne suffit pas \u00e0 nettoyer tout le chien. Le sous-poil \u00e9tant si \u00e9pais, il faut beaucoup d&rsquo;eau, de shampoing et de temps pour seulement atteindre la peau.[\/vc_column_text][\/vc_column][vc_column width=\u00a0\u00bb1\/2&Prime;][vc_single_image image=\u00a0\u00bb407&Prime; img_size=\u00a0\u00bbfull\u00a0\u00bb alignment=\u00a0\u00bbright\u00a0\u00bb][\/vc_column][\/vc_row]<\/p>\n","protected":false},"author":1,"featured_media":0,"parent":0,"menu_order":0,"comment_status":"closed","ping_status":"closed","template":"","meta":{"footnotes":""},"class_list":["post-810","page","type-page","status-publish","hentry","entry","post-inner"],"yoast_head":"<!-- This site is optimized with the Yoast SEO plugin v23.8 - https:\/\/yoast.com\/wordpress\/plugins\/seo\/ -->\n<title>La mue - akita-frey<\/title>\n<meta name=\"robots\" content=\"index, follow, max-snippet:-1, max-image-preview:large, max-video-preview:-1\" \/>\n<link rel=\"canonical\" href=\"https:\/\/akita-frey.ch\/fr\/lamue\/\" \/>\n<meta property=\"og:locale\" content=\"fr_FR\" \/>\n<meta property=\"og:type\" content=\"article\" \/>\n<meta property=\"og:title\" content=\"La mue - akita-frey\" \/>\n<meta property=\"og:description\" content=\"[vc_row][vc_column][vc_column_text] La mue [\/vc_column_text][\/vc_column][\/vc_row][vc_row][vc_column width=\u00a0\u00bb1\/2&Prime;][vc_column_text]L&rsquo;Akita mue deux fois par an. On peut en effet plus parler d&rsquo;une mue que d&rsquo;une simple perte de poils. Au moment de la chute des poils, il faut imp\u00e9rativement brosser le chien de mani\u00e8re ultra r\u00e9guli\u00e8re, pour diminuer d&rsquo;autant la dur\u00e9e de la mue. Dans le m\u00eame temps, vous trouverez dans votre habitation des boules de poils (des moutons) qui se ramassent tr\u00e8s facilement \u00e0 la main. En dehors de la mue, le pelage de l&rsquo;Akita ne demande pas d&rsquo;entretien particulier.[\/vc_column_text][\/vc_column][vc_column width=\u00a0\u00bb1\/2&Prime;][vc_single_image image=\u00a0\u00bb405&Prime; img_size=\u00a0\u00bbfull\u00a0\u00bb alignment=\u00a0\u00bbright\u00a0\u00bb][\/vc_column][\/vc_row][vc_row][vc_column width=\u00a0\u00bb1\/2&Prime;][vc_column_text]Notre exp\u00e9rience des Akitas nous a \u00e9galement montr\u00e9e que les poils se retiraient facilement des v\u00eatements. Il faut les rouler avec la main, afin d&rsquo;obtenir des pelotes que l&rsquo;on peut facilement retirer avec les doigts. Contrairement aux poils de chiens au pelage plus ras qui ont tendance \u00e0 se planter dans les mailles des tissus.[\/vc_column_text][\/vc_column][vc_column width=\u00a0\u00bb1\/2&Prime;][vc_single_image image=\u00a0\u00bb406&Prime; img_size=\u00a0\u00bbfull\u00a0\u00bb alignment=\u00a0\u00bbright\u00a0\u00bb][\/vc_column][\/vc_row][vc_row][vc_column width=\u00a0\u00bb1\/2&Prime;][vc_column_text]Il est aussi agr\u00e9able de constater que lorsque le chien est mouill\u00e9, il ne d\u00e9gage presque aucune odeur, contrairement \u00e0 ce que nous avait habitu\u00e9 notre Berger allemand. Lorsque le chien est sec, la salet\u00e9 tombe d&rsquo;elle-m\u00eame. Par exemple, notre m\u00e2le a bient\u00f4t 8 ans et dans toute sa vie, il n&rsquo;a re\u00e7u que deux bains, et encore seulement parce qu&rsquo;il s&rsquo;agissait de deux tr\u00e8s grandes expositions! Mais si bain il y a, ce n&rsquo;est pas une mince affaire. Une seule bouteille de shampoing ne suffit pas \u00e0 nettoyer tout le chien. Le sous-poil \u00e9tant si \u00e9pais, il faut beaucoup d&rsquo;eau, de shampoing et de temps pour seulement atteindre la peau.[\/vc_column_text][\/vc_column][vc_column width=\u00a0\u00bb1\/2&Prime;][vc_single_image image=\u00a0\u00bb407&Prime; img_size=\u00a0\u00bbfull\u00a0\u00bb alignment=\u00a0\u00bbright\u00a0\u00bb][\/vc_column][\/vc_row]\" \/>\n<meta property=\"og:url\" content=\"https:\/\/akita-frey.ch\/fr\/lamue\/\" \/>\n<meta property=\"og:site_name\" content=\"akita-frey\" \/>\n<meta property=\"article:modified_time\" content=\"2017-06-30T08:16:19+00:00\" \/>\n<meta name=\"twitter:card\" content=\"summary_large_image\" \/>\n<meta name=\"twitter:label1\" content=\"Dur\u00e9e de lecture estim\u00e9e\" \/>\n\t<meta name=\"twitter:data1\" content=\"2 minutes\" \/>\n<script type=\"application\/ld+json\" class=\"yoast-schema-graph\">{\"@context\":\"https:\/\/schema.org\",\"@graph\":[{\"@type\":\"WebPage\",\"@id\":\"https:\/\/akita-frey.ch\/fr\/lamue\/\",\"url\":\"https:\/\/akita-frey.ch\/fr\/lamue\/\",\"name\":\"La mue - akita-frey\",\"isPartOf\":{\"@id\":\"https:\/\/akita-frey.ch\/#website\"},\"datePublished\":\"2017-03-15T10:06:42+00:00\",\"dateModified\":\"2017-06-30T08:16:19+00:00\",\"breadcrumb\":{\"@id\":\"https:\/\/akita-frey.ch\/fr\/lamue\/#breadcrumb\"},\"inLanguage\":\"fr-FR\",\"potentialAction\":[{\"@type\":\"ReadAction\",\"target\":[\"https:\/\/akita-frey.ch\/fr\/lamue\/\"]}]},{\"@type\":\"BreadcrumbList\",\"@id\":\"https:\/\/akita-frey.ch\/fr\/lamue\/#breadcrumb\",\"itemListElement\":[{\"@type\":\"ListItem\",\"position\":1,\"name\":\"Startseite\",\"item\":\"https:\/\/akita-frey.ch\/fr\/\"},{\"@type\":\"ListItem\",\"position\":2,\"name\":\"La mue\"}]},{\"@type\":\"WebSite\",\"@id\":\"https:\/\/akita-frey.ch\/#website\",\"url\":\"https:\/\/akita-frey.ch\/\",\"name\":\"akita-frey\",\"description\":\"AKTIA INU OF IKENOHATADE\",\"potentialAction\":[{\"@type\":\"SearchAction\",\"target\":{\"@type\":\"EntryPoint\",\"urlTemplate\":\"https:\/\/akita-frey.ch\/?s={search_term_string}\"},\"query-input\":{\"@type\":\"PropertyValueSpecification\",\"valueRequired\":true,\"valueName\":\"search_term_string\"}}],\"inLanguage\":\"fr-FR\"}]}<\/script>\n<!-- \/ Yoast SEO plugin. -->","yoast_head_json":{"title":"La mue - akita-frey","robots":{"index":"index","follow":"follow","max-snippet":"max-snippet:-1","max-image-preview":"max-image-preview:large","max-video-preview":"max-video-preview:-1"},"canonical":"https:\/\/akita-frey.ch\/fr\/lamue\/","og_locale":"fr_FR","og_type":"article","og_title":"La mue - akita-frey","og_description":"[vc_row][vc_column][vc_column_text] La mue [\/vc_column_text][\/vc_column][\/vc_row][vc_row][vc_column width=\u00a0\u00bb1\/2&Prime;][vc_column_text]L&rsquo;Akita mue deux fois par an. On peut en effet plus parler d&rsquo;une mue que d&rsquo;une simple perte de poils. Au moment de la chute des poils, il faut imp\u00e9rativement brosser le chien de mani\u00e8re ultra r\u00e9guli\u00e8re, pour diminuer d&rsquo;autant la dur\u00e9e de la mue. Dans le m\u00eame temps, vous trouverez dans votre habitation des boules de poils (des moutons) qui se ramassent tr\u00e8s facilement \u00e0 la main. En dehors de la mue, le pelage de l&rsquo;Akita ne demande pas d&rsquo;entretien particulier.[\/vc_column_text][\/vc_column][vc_column width=\u00a0\u00bb1\/2&Prime;][vc_single_image image=\u00a0\u00bb405&Prime; img_size=\u00a0\u00bbfull\u00a0\u00bb alignment=\u00a0\u00bbright\u00a0\u00bb][\/vc_column][\/vc_row][vc_row][vc_column width=\u00a0\u00bb1\/2&Prime;][vc_column_text]Notre exp\u00e9rience des Akitas nous a \u00e9galement montr\u00e9e que les poils se retiraient facilement des v\u00eatements. Il faut les rouler avec la main, afin d&rsquo;obtenir des pelotes que l&rsquo;on peut facilement retirer avec les doigts. Contrairement aux poils de chiens au pelage plus ras qui ont tendance \u00e0 se planter dans les mailles des tissus.[\/vc_column_text][\/vc_column][vc_column width=\u00a0\u00bb1\/2&Prime;][vc_single_image image=\u00a0\u00bb406&Prime; img_size=\u00a0\u00bbfull\u00a0\u00bb alignment=\u00a0\u00bbright\u00a0\u00bb][\/vc_column][\/vc_row][vc_row][vc_column width=\u00a0\u00bb1\/2&Prime;][vc_column_text]Il est aussi agr\u00e9able de constater que lorsque le chien est mouill\u00e9, il ne d\u00e9gage presque aucune odeur, contrairement \u00e0 ce que nous avait habitu\u00e9 notre Berger allemand. Lorsque le chien est sec, la salet\u00e9 tombe d&rsquo;elle-m\u00eame. Par exemple, notre m\u00e2le a bient\u00f4t 8 ans et dans toute sa vie, il n&rsquo;a re\u00e7u que deux bains, et encore seulement parce qu&rsquo;il s&rsquo;agissait de deux tr\u00e8s grandes expositions! Mais si bain il y a, ce n&rsquo;est pas une mince affaire. Une seule bouteille de shampoing ne suffit pas \u00e0 nettoyer tout le chien. Le sous-poil \u00e9tant si \u00e9pais, il faut beaucoup d&rsquo;eau, de shampoing et de temps pour seulement atteindre la peau.[\/vc_column_text][\/vc_column][vc_column width=\u00a0\u00bb1\/2&Prime;][vc_single_image image=\u00a0\u00bb407&Prime; img_size=\u00a0\u00bbfull\u00a0\u00bb alignment=\u00a0\u00bbright\u00a0\u00bb][\/vc_column][\/vc_row]","og_url":"https:\/\/akita-frey.ch\/fr\/lamue\/","og_site_name":"akita-frey","article_modified_time":"2017-06-30T08:16:19+00:00","twitter_card":"summary_large_image","twitter_misc":{"Dur\u00e9e de lecture estim\u00e9e":"2 minutes"},"schema":{"@context":"https:\/\/schema.org","@graph":[{"@type":"WebPage","@id":"https:\/\/akita-frey.ch\/fr\/lamue\/","url":"https:\/\/akita-frey.ch\/fr\/lamue\/","name":"La mue - akita-frey","isPartOf":{"@id":"https:\/\/akita-frey.ch\/#website"},"datePublished":"2017-03-15T10:06:42+00:00","dateModified":"2017-06-30T08:16:19+00:00","breadcrumb":{"@id":"https:\/\/akita-frey.ch\/fr\/lamue\/#breadcrumb"},"inLanguage":"fr-FR","potentialAction":[{"@type":"ReadAction","target":["https:\/\/akita-frey.ch\/fr\/lamue\/"]}]},{"@type":"BreadcrumbList","@id":"https:\/\/akita-frey.ch\/fr\/lamue\/#breadcrumb","itemListElement":[{"@type":"ListItem","position":1,"name":"Startseite","item":"https:\/\/akita-frey.ch\/fr\/"},{"@type":"ListItem","position":2,"name":"La mue"}]},{"@type":"WebSite","@id":"https:\/\/akita-frey.ch\/#website","url":"https:\/\/akita-frey.ch\/","name":"akita-frey","description":"AKTIA INU OF IKENOHATADE","potentialAction":[{"@type":"SearchAction","target":{"@type":"EntryPoint","urlTemplate":"https:\/\/akita-frey.ch\/?s={search_term_string}"},"query-input":{"@type":"PropertyValueSpecification","valueRequired":true,"valueName":"search_term_string"}}],"inLanguage":"fr-FR"}]}},"_links":{"self":[{"href":"https:\/\/akita-frey.ch\/fr\/wp-json\/wp\/v2\/pages\/810\/"}],"collection":[{"href":"https:\/\/akita-frey.ch\/fr\/wp-json\/wp\/v2\/pages\/"}],"about":[{"href":"https:\/\/akita-frey.ch\/fr\/wp-json\/wp\/v2\/types\/page\/"}],"author":[{"embeddable":true,"href":"https:\/\/akita-frey.ch\/fr\/wp-json\/wp\/v2\/users\/1\/"}],"replies":[{"embeddable":true,"href":"https:\/\/akita-frey.ch\/fr\/wp-json\/wp\/v2\/comments\/?post=810"}],"version-history":[{"count":4,"href":"https:\/\/akita-frey.ch\/fr\/wp-json\/wp\/v2\/pages\/810\/revisions\/"}],"predecessor-version":[{"id":1138,"href":"https:\/\/akita-frey.ch\/fr\/wp-json\/wp\/v2\/pages\/810\/revisions\/1138\/"}],"wp:attachment":[{"href":"https:\/\/akita-frey.ch\/fr\/wp-json\/wp\/v2\/media\/?parent=810"}],"curies":[{"name":"wp","href":"https:\/\/api.w.org\/{rel}","templated":true}]}}