{"id":808,"date":"2017-03-15T11:07:14","date_gmt":"2017-03-15T10:07:14","guid":{"rendered":"http:\/\/akita-frey.ch\/charakter-des-akitas\/"},"modified":"2017-06-29T20:32:00","modified_gmt":"2017-06-29T18:32:00","slug":"letemperamentinnealarace","status":"publish","type":"page","link":"https:\/\/akita-frey.ch\/fr\/letemperamentinnealarace\/","title":{"rendered":"Le temp\u00e9rament inn\u00e9 \u00e0 la race"},"content":{"rendered":"[vc_row][vc_column][vc_column_text]\n<h1>Le temp\u00e9rament inn\u00e9 \u00e0 la race<\/h1>\n[\/vc_column_text][vc_column_text]Lorsque l&rsquo;on voit l&#8217;emploi fait du chien dans son pays d&rsquo;origine, il est clair qu&rsquo;il s&rsquo;agit d&rsquo;un chien ind\u00e9pendant et courageux ! Par exemple, lorsqu&rsquo;il suit la piste d&rsquo;un ours et qu&rsquo;il l&rsquo;affronte face \u00e0 face, le chien doit r\u00e9agir vite et intelligemment, sans ordres de la part du ma\u00eetre.<\/p>\n<p>Il ne faut pas s&rsquo;arr\u00eater au c\u00f4t\u00e9 calme et flegmatique du chien, qui est trompeur, car il peut \u00eatre une Deux Chevaux, mais en cas de besoin, l&rsquo;Akita se transforme en une Ferrari en un instant ! L&rsquo;Akita aime l&rsquo;Homme et sa famille plus que tout. Mais quand le chien veut sa paix, il faut la lui donner. Par exemple si vous recevez des invit\u00e9s, il faut accepter le fait que le chien veuille \u00eatre seul. Aller contre cette volont\u00e9 peut amener \u00e0 une morsure, l\u00e9g\u00e8re certes, mais morsure quand m\u00eame. Attention, chaque chien est bien s\u00fbr diff\u00e9rent et ce qui est valable pour l&rsquo;un peut ne pas l&rsquo;\u00eatre pour un autre. Parlons d&rsquo;exp\u00e9rience : notre m\u00e2le ne recherche qu&rsquo;une chose, la tranquillit\u00e9 ; deux de nos femelles pourraient rester des heures \u00e0 se faire c\u00e2liner alors que les deux autres sont neutres.<\/p>\n<p>Si l&rsquo;on est habitu\u00e9 \u00e0 un chien de type Berger, les Akita sont totalement d\u00e9routants. Ils donnent une impression de film au ralenti. Lorsque nous recevons des amis, notre grand jeu consiste \u00e0 faire asseoir notre chien. La r\u00e9alisation de l&rsquo;exercice est si dr\u00f4le que nos amis pleurent de rire en r\u00e8gle g\u00e9n\u00e9rale.<br \/>\nLe chien Akita ne doit pas \u00eatre dress\u00e9 au mordant. Cette activit\u00e9 lui est contre nature et totalement d\u00e9routante. Ce type d&rsquo;entra\u00eenement rend le chien totalement impr\u00e9visible.<br \/>\nL&rsquo;Akita est un intuitif. Vous \u00eates stress\u00e9, vous devez partir en voyage (par exemple) et il faut encore embarquer le chien ; ce dernier freinera des quatre pieds (la force d&rsquo;inertie est en marche !) et se mettra \u00e0 r\u00e9fl\u00e9chir sur la raison de votre mauvaise humeur et s&rsquo;il ne pouvait pas en \u00eatre responsable\u2026Ce n&rsquo;est que lorsque vous serez calm\u00e9 que le chien redeviendra lui-m\u00eame.[\/vc_column_text][\/vc_column][\/vc_row]\n","protected":false},"excerpt":{"rendered":"<p>[vc_row][vc_column][vc_column_text] Le temp\u00e9rament inn\u00e9 \u00e0 la race [\/vc_column_text][vc_column_text]Lorsque l&rsquo;on voit l&#8217;emploi fait du chien dans son pays d&rsquo;origine, il est clair qu&rsquo;il s&rsquo;agit d&rsquo;un chien ind\u00e9pendant et courageux ! Par exemple, lorsqu&rsquo;il suit la piste d&rsquo;un ours et qu&rsquo;il l&rsquo;affronte face \u00e0 face, le chien doit r\u00e9agir vite et intelligemment, sans ordres de la part du ma\u00eetre. Il ne faut pas s&rsquo;arr\u00eater au c\u00f4t\u00e9 calme et flegmatique du chien, qui est trompeur, car il peut \u00eatre une Deux Chevaux, mais en cas de besoin, l&rsquo;Akita se transforme en une Ferrari en un instant ! L&rsquo;Akita aime l&rsquo;Homme et sa famille plus que tout. Mais quand le chien veut sa paix, il faut la lui donner. Par exemple si vous recevez des invit\u00e9s, il faut accepter le fait que le chien veuille \u00eatre seul. Aller contre cette volont\u00e9 peut amener \u00e0 une morsure, l\u00e9g\u00e8re certes, mais morsure quand m\u00eame. Attention, chaque chien est bien s\u00fbr diff\u00e9rent et ce qui est valable pour l&rsquo;un peut ne pas l&rsquo;\u00eatre pour un autre. Parlons d&rsquo;exp\u00e9rience : notre m\u00e2le ne recherche qu&rsquo;une chose, la tranquillit\u00e9 ; deux de nos femelles pourraient rester des heures \u00e0 se faire c\u00e2liner alors que les deux autres sont neutres. Si l&rsquo;on est habitu\u00e9 \u00e0 un chien de type Berger, les Akita sont totalement d\u00e9routants. Ils donnent une impression de film au ralenti. Lorsque nous recevons des amis, notre grand jeu consiste \u00e0 faire asseoir notre chien. La r\u00e9alisation de l&rsquo;exercice est si dr\u00f4le que nos amis pleurent de rire en r\u00e8gle g\u00e9n\u00e9rale. Le chien Akita ne doit pas \u00eatre dress\u00e9 au mordant. Cette activit\u00e9 lui est contre nature et totalement d\u00e9routante. Ce type d&rsquo;entra\u00eenement rend le chien totalement impr\u00e9visible. L&rsquo;Akita est un intuitif. Vous \u00eates stress\u00e9, vous devez partir en voyage (par exemple) et il faut encore embarquer le chien ; ce dernier freinera des quatre pieds (la force d&rsquo;inertie est en marche !) et se mettra \u00e0 r\u00e9fl\u00e9chir sur la raison de votre mauvaise humeur et s&rsquo;il ne pouvait pas en \u00eatre responsable\u2026Ce n&rsquo;est que lorsque vous serez calm\u00e9 que le chien redeviendra lui-m\u00eame.[\/vc_column_text][\/vc_column][\/vc_row]<\/p>\n","protected":false},"author":1,"featured_media":0,"parent":0,"menu_order":0,"comment_status":"closed","ping_status":"closed","template":"","meta":{"footnotes":""},"class_list":["post-808","page","type-page","status-publish","hentry","entry","post-inner"],"yoast_head":"<!-- This site is optimized with the Yoast SEO plugin v23.8 - https:\/\/yoast.com\/wordpress\/plugins\/seo\/ -->\n<title>Le temp\u00e9rament inn\u00e9 \u00e0 la race - akita-frey<\/title>\n<meta name=\"robots\" content=\"index, follow, max-snippet:-1, max-image-preview:large, max-video-preview:-1\" \/>\n<link rel=\"canonical\" href=\"https:\/\/akita-frey.ch\/fr\/rasse\/charakter-des-akitas\/\" \/>\n<meta property=\"og:locale\" content=\"fr_FR\" \/>\n<meta property=\"og:type\" content=\"article\" \/>\n<meta property=\"og:title\" content=\"Le temp\u00e9rament inn\u00e9 \u00e0 la race - akita-frey\" \/>\n<meta property=\"og:description\" content=\"[vc_row][vc_column][vc_column_text] Le temp\u00e9rament inn\u00e9 \u00e0 la race [\/vc_column_text][vc_column_text]Lorsque l&rsquo;on voit l&#8217;emploi fait du chien dans son pays d&rsquo;origine, il est clair qu&rsquo;il s&rsquo;agit d&rsquo;un chien ind\u00e9pendant et courageux ! Par exemple, lorsqu&rsquo;il suit la piste d&rsquo;un ours et qu&rsquo;il l&rsquo;affronte face \u00e0 face, le chien doit r\u00e9agir vite et intelligemment, sans ordres de la part du ma\u00eetre. Il ne faut pas s&rsquo;arr\u00eater au c\u00f4t\u00e9 calme et flegmatique du chien, qui est trompeur, car il peut \u00eatre une Deux Chevaux, mais en cas de besoin, l&rsquo;Akita se transforme en une Ferrari en un instant ! L&rsquo;Akita aime l&rsquo;Homme et sa famille plus que tout. Mais quand le chien veut sa paix, il faut la lui donner. Par exemple si vous recevez des invit\u00e9s, il faut accepter le fait que le chien veuille \u00eatre seul. Aller contre cette volont\u00e9 peut amener \u00e0 une morsure, l\u00e9g\u00e8re certes, mais morsure quand m\u00eame. Attention, chaque chien est bien s\u00fbr diff\u00e9rent et ce qui est valable pour l&rsquo;un peut ne pas l&rsquo;\u00eatre pour un autre. Parlons d&rsquo;exp\u00e9rience : notre m\u00e2le ne recherche qu&rsquo;une chose, la tranquillit\u00e9 ; deux de nos femelles pourraient rester des heures \u00e0 se faire c\u00e2liner alors que les deux autres sont neutres. Si l&rsquo;on est habitu\u00e9 \u00e0 un chien de type Berger, les Akita sont totalement d\u00e9routants. Ils donnent une impression de film au ralenti. Lorsque nous recevons des amis, notre grand jeu consiste \u00e0 faire asseoir notre chien. La r\u00e9alisation de l&rsquo;exercice est si dr\u00f4le que nos amis pleurent de rire en r\u00e8gle g\u00e9n\u00e9rale. Le chien Akita ne doit pas \u00eatre dress\u00e9 au mordant. Cette activit\u00e9 lui est contre nature et totalement d\u00e9routante. Ce type d&rsquo;entra\u00eenement rend le chien totalement impr\u00e9visible. L&rsquo;Akita est un intuitif. Vous \u00eates stress\u00e9, vous devez partir en voyage (par exemple) et il faut encore embarquer le chien ; ce dernier freinera des quatre pieds (la force d&rsquo;inertie est en marche !) et se mettra \u00e0 r\u00e9fl\u00e9chir sur la raison de votre mauvaise humeur et s&rsquo;il ne pouvait pas en \u00eatre responsable\u2026Ce n&rsquo;est que lorsque vous serez calm\u00e9 que le chien redeviendra lui-m\u00eame.[\/vc_column_text][\/vc_column][\/vc_row]\" \/>\n<meta property=\"og:url\" content=\"https:\/\/akita-frey.ch\/rasse\/charakter-des-akitas\/\" \/>\n<meta property=\"og:site_name\" content=\"akita-frey\" \/>\n<meta property=\"article:modified_time\" content=\"2017-06-29T18:32:00+00:00\" \/>\n<meta name=\"twitter:card\" content=\"summary_large_image\" \/>\n<meta name=\"twitter:label1\" content=\"Dur\u00e9e de lecture estim\u00e9e\" \/>\n\t<meta name=\"twitter:data1\" content=\"2 minutes\" \/>\n<script type=\"application\/ld+json\" class=\"yoast-schema-graph\">{\"@context\":\"https:\/\/schema.org\",\"@graph\":[{\"@type\":\"WebPage\",\"@id\":\"https:\/\/akita-frey.ch\/rasse\/charakter-des-akitas\/\",\"url\":\"https:\/\/akita-frey.ch\/rasse\/charakter-des-akitas\/\",\"name\":\"Le temp\u00e9rament inn\u00e9 \u00e0 la race - akita-frey\",\"isPartOf\":{\"@id\":\"https:\/\/akita-frey.ch\/#website\"},\"datePublished\":\"2017-03-15T10:07:14+00:00\",\"dateModified\":\"2017-06-29T18:32:00+00:00\",\"breadcrumb\":{\"@id\":\"https:\/\/akita-frey.ch\/rasse\/charakter-des-akitas\/#breadcrumb\"},\"inLanguage\":\"fr-FR\",\"potentialAction\":[{\"@type\":\"ReadAction\",\"target\":[\"https:\/\/akita-frey.ch\/rasse\/charakter-des-akitas\/\"]}]},{\"@type\":\"BreadcrumbList\",\"@id\":\"https:\/\/akita-frey.ch\/rasse\/charakter-des-akitas\/#breadcrumb\",\"itemListElement\":[{\"@type\":\"ListItem\",\"position\":1,\"name\":\"Startseite\",\"item\":\"https:\/\/akita-frey.ch\/fr\/\"},{\"@type\":\"ListItem\",\"position\":2,\"name\":\"Le temp\u00e9rament inn\u00e9 \u00e0 la race\"}]},{\"@type\":\"WebSite\",\"@id\":\"https:\/\/akita-frey.ch\/#website\",\"url\":\"https:\/\/akita-frey.ch\/\",\"name\":\"akita-frey\",\"description\":\"AKTIA INU OF IKENOHATADE\",\"potentialAction\":[{\"@type\":\"SearchAction\",\"target\":{\"@type\":\"EntryPoint\",\"urlTemplate\":\"https:\/\/akita-frey.ch\/?s={search_term_string}\"},\"query-input\":{\"@type\":\"PropertyValueSpecification\",\"valueRequired\":true,\"valueName\":\"search_term_string\"}}],\"inLanguage\":\"fr-FR\"}]}<\/script>\n<!-- \/ Yoast SEO plugin. -->","yoast_head_json":{"title":"Le temp\u00e9rament inn\u00e9 \u00e0 la race - akita-frey","robots":{"index":"index","follow":"follow","max-snippet":"max-snippet:-1","max-image-preview":"max-image-preview:large","max-video-preview":"max-video-preview:-1"},"canonical":"https:\/\/akita-frey.ch\/fr\/rasse\/charakter-des-akitas\/","og_locale":"fr_FR","og_type":"article","og_title":"Le temp\u00e9rament inn\u00e9 \u00e0 la race - akita-frey","og_description":"[vc_row][vc_column][vc_column_text] Le temp\u00e9rament inn\u00e9 \u00e0 la race [\/vc_column_text][vc_column_text]Lorsque l&rsquo;on voit l&#8217;emploi fait du chien dans son pays d&rsquo;origine, il est clair qu&rsquo;il s&rsquo;agit d&rsquo;un chien ind\u00e9pendant et courageux ! Par exemple, lorsqu&rsquo;il suit la piste d&rsquo;un ours et qu&rsquo;il l&rsquo;affronte face \u00e0 face, le chien doit r\u00e9agir vite et intelligemment, sans ordres de la part du ma\u00eetre. Il ne faut pas s&rsquo;arr\u00eater au c\u00f4t\u00e9 calme et flegmatique du chien, qui est trompeur, car il peut \u00eatre une Deux Chevaux, mais en cas de besoin, l&rsquo;Akita se transforme en une Ferrari en un instant ! L&rsquo;Akita aime l&rsquo;Homme et sa famille plus que tout. Mais quand le chien veut sa paix, il faut la lui donner. Par exemple si vous recevez des invit\u00e9s, il faut accepter le fait que le chien veuille \u00eatre seul. Aller contre cette volont\u00e9 peut amener \u00e0 une morsure, l\u00e9g\u00e8re certes, mais morsure quand m\u00eame. Attention, chaque chien est bien s\u00fbr diff\u00e9rent et ce qui est valable pour l&rsquo;un peut ne pas l&rsquo;\u00eatre pour un autre. Parlons d&rsquo;exp\u00e9rience : notre m\u00e2le ne recherche qu&rsquo;une chose, la tranquillit\u00e9 ; deux de nos femelles pourraient rester des heures \u00e0 se faire c\u00e2liner alors que les deux autres sont neutres. Si l&rsquo;on est habitu\u00e9 \u00e0 un chien de type Berger, les Akita sont totalement d\u00e9routants. Ils donnent une impression de film au ralenti. Lorsque nous recevons des amis, notre grand jeu consiste \u00e0 faire asseoir notre chien. La r\u00e9alisation de l&rsquo;exercice est si dr\u00f4le que nos amis pleurent de rire en r\u00e8gle g\u00e9n\u00e9rale. Le chien Akita ne doit pas \u00eatre dress\u00e9 au mordant. Cette activit\u00e9 lui est contre nature et totalement d\u00e9routante. Ce type d&rsquo;entra\u00eenement rend le chien totalement impr\u00e9visible. L&rsquo;Akita est un intuitif. Vous \u00eates stress\u00e9, vous devez partir en voyage (par exemple) et il faut encore embarquer le chien ; ce dernier freinera des quatre pieds (la force d&rsquo;inertie est en marche !) et se mettra \u00e0 r\u00e9fl\u00e9chir sur la raison de votre mauvaise humeur et s&rsquo;il ne pouvait pas en \u00eatre responsable\u2026Ce n&rsquo;est que lorsque vous serez calm\u00e9 que le chien redeviendra lui-m\u00eame.[\/vc_column_text][\/vc_column][\/vc_row]","og_url":"https:\/\/akita-frey.ch\/rasse\/charakter-des-akitas\/","og_site_name":"akita-frey","article_modified_time":"2017-06-29T18:32:00+00:00","twitter_card":"summary_large_image","twitter_misc":{"Dur\u00e9e de lecture estim\u00e9e":"2 minutes"},"schema":{"@context":"https:\/\/schema.org","@graph":[{"@type":"WebPage","@id":"https:\/\/akita-frey.ch\/rasse\/charakter-des-akitas\/","url":"https:\/\/akita-frey.ch\/rasse\/charakter-des-akitas\/","name":"Le temp\u00e9rament inn\u00e9 \u00e0 la race - akita-frey","isPartOf":{"@id":"https:\/\/akita-frey.ch\/#website"},"datePublished":"2017-03-15T10:07:14+00:00","dateModified":"2017-06-29T18:32:00+00:00","breadcrumb":{"@id":"https:\/\/akita-frey.ch\/rasse\/charakter-des-akitas\/#breadcrumb"},"inLanguage":"fr-FR","potentialAction":[{"@type":"ReadAction","target":["https:\/\/akita-frey.ch\/rasse\/charakter-des-akitas\/"]}]},{"@type":"BreadcrumbList","@id":"https:\/\/akita-frey.ch\/rasse\/charakter-des-akitas\/#breadcrumb","itemListElement":[{"@type":"ListItem","position":1,"name":"Startseite","item":"https:\/\/akita-frey.ch\/fr\/"},{"@type":"ListItem","position":2,"name":"Le temp\u00e9rament inn\u00e9 \u00e0 la race"}]},{"@type":"WebSite","@id":"https:\/\/akita-frey.ch\/#website","url":"https:\/\/akita-frey.ch\/","name":"akita-frey","description":"AKTIA INU OF IKENOHATADE","potentialAction":[{"@type":"SearchAction","target":{"@type":"EntryPoint","urlTemplate":"https:\/\/akita-frey.ch\/?s={search_term_string}"},"query-input":{"@type":"PropertyValueSpecification","valueRequired":true,"valueName":"search_term_string"}}],"inLanguage":"fr-FR"}]}},"_links":{"self":[{"href":"https:\/\/akita-frey.ch\/fr\/wp-json\/wp\/v2\/pages\/808\/"}],"collection":[{"href":"https:\/\/akita-frey.ch\/fr\/wp-json\/wp\/v2\/pages\/"}],"about":[{"href":"https:\/\/akita-frey.ch\/fr\/wp-json\/wp\/v2\/types\/page\/"}],"author":[{"embeddable":true,"href":"https:\/\/akita-frey.ch\/fr\/wp-json\/wp\/v2\/users\/1\/"}],"replies":[{"embeddable":true,"href":"https:\/\/akita-frey.ch\/fr\/wp-json\/wp\/v2\/comments\/?post=808"}],"version-history":[{"count":3,"href":"https:\/\/akita-frey.ch\/fr\/wp-json\/wp\/v2\/pages\/808\/revisions\/"}],"predecessor-version":[{"id":1114,"href":"https:\/\/akita-frey.ch\/fr\/wp-json\/wp\/v2\/pages\/808\/revisions\/1114\/"}],"wp:attachment":[{"href":"https:\/\/akita-frey.ch\/fr\/wp-json\/wp\/v2\/media\/?parent=808"}],"curies":[{"name":"wp","href":"https:\/\/api.w.org\/{rel}","templated":true}]}}