{"id":806,"date":"2017-03-15T11:07:47","date_gmt":"2017-03-15T10:07:47","guid":{"rendered":"http:\/\/akita-frey.ch\/anschaffung-und-erziehung\/"},"modified":"2017-06-29T17:40:33","modified_gmt":"2017-06-29T15:40:33","slug":"quelquesavertissements","status":"publish","type":"page","link":"https:\/\/akita-frey.ch\/fr\/quelquesavertissements\/","title":{"rendered":"Quelques avertissements"},"content":{"rendered":"[vc_row][vc_column][vc_column_text]\n<h1>Quelques avertissements<\/h1>\n[\/vc_column_text][\/vc_column][\/vc_row][vc_row][vc_column][vc_column_text]\n<ul class=\"content\">\n<li class=\"content\">que l&rsquo;on ai pris connaissance des Akita dans un livre ou en chair et en os, cette race agit sur vous comme un virus. Elle ne l\u00e2chera plus vos pens\u00e9es.<\/li>\n<li class=\"content\">malgr\u00e9 tout l&rsquo;amour qu&rsquo;il faut donner au chien, il faut rester le chef.<\/li>\n<li class=\"content\">faute d&rsquo;une \u00e9ducation soign\u00e9e, le chien fera vite ce qu&rsquo;il veut. Par exemple, si le dimanche, il a le droit de se coucher sur le divan, il ne comprendra pas pourquoi c&rsquo;est interdit les autres jours. Il prendra donc possession du canap\u00e9 toute la semaine ! Et bien vite, ce sera le chien qui dictera sa loi, et non plus le ma\u00eetre.<\/li>\n<li class=\"content\">il faut aussi accepter le fait que les Akita ne s&rsquo;entendent pas tr\u00e8s bien avec les autres chiens. Lors des ballades, il faut garder une laisse \u00e0 port\u00e9e de mains. Mais cette remarque est g\u00e9n\u00e9ralisante, chaque chien est diff\u00e9rent.<\/li>\n<\/ul>\n[\/vc_column_text][\/vc_column][\/vc_row][vc_row][vc_column][vc_column_text]\n<div id=\"topicmenu8\" class=\"menu\">Si ces r\u00e8gles sont les v\u00f4tres, alors l&rsquo;Akita est le chien qu&rsquo;il vous faut ! Lors de la recherche de votre chiot, prenez le temps n\u00e9cessaire, ne vous pr\u00e9cipitez pas, afin d&rsquo;\u00eatre s\u00fbr d&rsquo;avoir le chien qui vous correspond le plus.<br \/>\nNous vous souhaitons beaucoup de chance et de bonheur avec VOTRE Akita !<\/div>\n[\/vc_column_text][\/vc_column][\/vc_row]\n","protected":false},"excerpt":{"rendered":"<p>[vc_row][vc_column][vc_column_text] Quelques avertissements [\/vc_column_text][\/vc_column][\/vc_row][vc_row][vc_column][vc_column_text] que l&rsquo;on ai pris connaissance des Akita dans un livre ou en chair et en os, cette race agit sur vous comme un virus. Elle ne l\u00e2chera plus vos pens\u00e9es. malgr\u00e9 tout l&rsquo;amour qu&rsquo;il faut donner au chien, il faut rester le chef. faute d&rsquo;une \u00e9ducation soign\u00e9e, le chien fera vite ce qu&rsquo;il veut. Par exemple, si le dimanche, il a le droit de se coucher sur le divan, il ne comprendra pas pourquoi c&rsquo;est interdit les autres jours. Il prendra donc possession du canap\u00e9 toute la semaine ! Et bien vite, ce sera le chien qui dictera sa loi, et non plus le ma\u00eetre. il faut aussi accepter le fait que les Akita ne s&rsquo;entendent pas tr\u00e8s bien avec les autres chiens. Lors des ballades, il faut garder une laisse \u00e0 port\u00e9e de mains. Mais cette remarque est g\u00e9n\u00e9ralisante, chaque chien est diff\u00e9rent. [\/vc_column_text][\/vc_column][\/vc_row][vc_row][vc_column][vc_column_text] Si ces r\u00e8gles sont les v\u00f4tres, alors l&rsquo;Akita est le chien qu&rsquo;il vous faut ! Lors de la recherche de votre chiot, prenez le temps n\u00e9cessaire, ne vous pr\u00e9cipitez pas, afin d&rsquo;\u00eatre s\u00fbr d&rsquo;avoir le chien qui vous correspond le plus. Nous vous souhaitons beaucoup de chance et de bonheur avec VOTRE Akita ! [\/vc_column_text][\/vc_column][\/vc_row]<\/p>\n","protected":false},"author":1,"featured_media":0,"parent":0,"menu_order":0,"comment_status":"closed","ping_status":"closed","template":"","meta":{"footnotes":""},"class_list":["post-806","page","type-page","status-publish","hentry","entry","post-inner"],"yoast_head":"<!-- This site is optimized with the Yoast SEO plugin v23.8 - https:\/\/yoast.com\/wordpress\/plugins\/seo\/ -->\n<title>Quelques avertissements - akita-frey<\/title>\n<meta name=\"robots\" content=\"index, follow, max-snippet:-1, max-image-preview:large, max-video-preview:-1\" \/>\n<link rel=\"canonical\" href=\"https:\/\/akita-frey.ch\/fr\/rasse\/anschaffung-und-erziehung\/\" \/>\n<meta property=\"og:locale\" content=\"fr_FR\" \/>\n<meta property=\"og:type\" content=\"article\" \/>\n<meta property=\"og:title\" content=\"Quelques avertissements - akita-frey\" \/>\n<meta property=\"og:description\" content=\"[vc_row][vc_column][vc_column_text] Quelques avertissements [\/vc_column_text][\/vc_column][\/vc_row][vc_row][vc_column][vc_column_text] que l&rsquo;on ai pris connaissance des Akita dans un livre ou en chair et en os, cette race agit sur vous comme un virus. Elle ne l\u00e2chera plus vos pens\u00e9es. malgr\u00e9 tout l&rsquo;amour qu&rsquo;il faut donner au chien, il faut rester le chef. faute d&rsquo;une \u00e9ducation soign\u00e9e, le chien fera vite ce qu&rsquo;il veut. Par exemple, si le dimanche, il a le droit de se coucher sur le divan, il ne comprendra pas pourquoi c&rsquo;est interdit les autres jours. Il prendra donc possession du canap\u00e9 toute la semaine ! Et bien vite, ce sera le chien qui dictera sa loi, et non plus le ma\u00eetre. il faut aussi accepter le fait que les Akita ne s&rsquo;entendent pas tr\u00e8s bien avec les autres chiens. Lors des ballades, il faut garder une laisse \u00e0 port\u00e9e de mains. Mais cette remarque est g\u00e9n\u00e9ralisante, chaque chien est diff\u00e9rent. [\/vc_column_text][\/vc_column][\/vc_row][vc_row][vc_column][vc_column_text] Si ces r\u00e8gles sont les v\u00f4tres, alors l&rsquo;Akita est le chien qu&rsquo;il vous faut ! Lors de la recherche de votre chiot, prenez le temps n\u00e9cessaire, ne vous pr\u00e9cipitez pas, afin d&rsquo;\u00eatre s\u00fbr d&rsquo;avoir le chien qui vous correspond le plus. Nous vous souhaitons beaucoup de chance et de bonheur avec VOTRE Akita ! [\/vc_column_text][\/vc_column][\/vc_row]\" \/>\n<meta property=\"og:url\" content=\"https:\/\/akita-frey.ch\/rasse\/anschaffung-und-erziehung\/\" \/>\n<meta property=\"og:site_name\" content=\"akita-frey\" \/>\n<meta property=\"article:modified_time\" content=\"2017-06-29T15:40:33+00:00\" \/>\n<meta name=\"twitter:card\" content=\"summary_large_image\" \/>\n<meta name=\"twitter:label1\" content=\"Dur\u00e9e de lecture estim\u00e9e\" \/>\n\t<meta name=\"twitter:data1\" content=\"1 minute\" \/>\n<script type=\"application\/ld+json\" class=\"yoast-schema-graph\">{\"@context\":\"https:\/\/schema.org\",\"@graph\":[{\"@type\":\"WebPage\",\"@id\":\"https:\/\/akita-frey.ch\/rasse\/anschaffung-und-erziehung\/\",\"url\":\"https:\/\/akita-frey.ch\/rasse\/anschaffung-und-erziehung\/\",\"name\":\"Quelques avertissements - akita-frey\",\"isPartOf\":{\"@id\":\"https:\/\/akita-frey.ch\/#website\"},\"datePublished\":\"2017-03-15T10:07:47+00:00\",\"dateModified\":\"2017-06-29T15:40:33+00:00\",\"breadcrumb\":{\"@id\":\"https:\/\/akita-frey.ch\/rasse\/anschaffung-und-erziehung\/#breadcrumb\"},\"inLanguage\":\"fr-FR\",\"potentialAction\":[{\"@type\":\"ReadAction\",\"target\":[\"https:\/\/akita-frey.ch\/rasse\/anschaffung-und-erziehung\/\"]}]},{\"@type\":\"BreadcrumbList\",\"@id\":\"https:\/\/akita-frey.ch\/rasse\/anschaffung-und-erziehung\/#breadcrumb\",\"itemListElement\":[{\"@type\":\"ListItem\",\"position\":1,\"name\":\"Startseite\",\"item\":\"https:\/\/akita-frey.ch\/fr\/\"},{\"@type\":\"ListItem\",\"position\":2,\"name\":\"Quelques avertissements\"}]},{\"@type\":\"WebSite\",\"@id\":\"https:\/\/akita-frey.ch\/#website\",\"url\":\"https:\/\/akita-frey.ch\/\",\"name\":\"akita-frey\",\"description\":\"AKTIA INU OF IKENOHATADE\",\"potentialAction\":[{\"@type\":\"SearchAction\",\"target\":{\"@type\":\"EntryPoint\",\"urlTemplate\":\"https:\/\/akita-frey.ch\/?s={search_term_string}\"},\"query-input\":{\"@type\":\"PropertyValueSpecification\",\"valueRequired\":true,\"valueName\":\"search_term_string\"}}],\"inLanguage\":\"fr-FR\"}]}<\/script>\n<!-- \/ Yoast SEO plugin. -->","yoast_head_json":{"title":"Quelques avertissements - akita-frey","robots":{"index":"index","follow":"follow","max-snippet":"max-snippet:-1","max-image-preview":"max-image-preview:large","max-video-preview":"max-video-preview:-1"},"canonical":"https:\/\/akita-frey.ch\/fr\/rasse\/anschaffung-und-erziehung\/","og_locale":"fr_FR","og_type":"article","og_title":"Quelques avertissements - akita-frey","og_description":"[vc_row][vc_column][vc_column_text] Quelques avertissements [\/vc_column_text][\/vc_column][\/vc_row][vc_row][vc_column][vc_column_text] que l&rsquo;on ai pris connaissance des Akita dans un livre ou en chair et en os, cette race agit sur vous comme un virus. Elle ne l\u00e2chera plus vos pens\u00e9es. malgr\u00e9 tout l&rsquo;amour qu&rsquo;il faut donner au chien, il faut rester le chef. faute d&rsquo;une \u00e9ducation soign\u00e9e, le chien fera vite ce qu&rsquo;il veut. Par exemple, si le dimanche, il a le droit de se coucher sur le divan, il ne comprendra pas pourquoi c&rsquo;est interdit les autres jours. Il prendra donc possession du canap\u00e9 toute la semaine ! Et bien vite, ce sera le chien qui dictera sa loi, et non plus le ma\u00eetre. il faut aussi accepter le fait que les Akita ne s&rsquo;entendent pas tr\u00e8s bien avec les autres chiens. Lors des ballades, il faut garder une laisse \u00e0 port\u00e9e de mains. Mais cette remarque est g\u00e9n\u00e9ralisante, chaque chien est diff\u00e9rent. [\/vc_column_text][\/vc_column][\/vc_row][vc_row][vc_column][vc_column_text] Si ces r\u00e8gles sont les v\u00f4tres, alors l&rsquo;Akita est le chien qu&rsquo;il vous faut ! Lors de la recherche de votre chiot, prenez le temps n\u00e9cessaire, ne vous pr\u00e9cipitez pas, afin d&rsquo;\u00eatre s\u00fbr d&rsquo;avoir le chien qui vous correspond le plus. Nous vous souhaitons beaucoup de chance et de bonheur avec VOTRE Akita ! [\/vc_column_text][\/vc_column][\/vc_row]","og_url":"https:\/\/akita-frey.ch\/rasse\/anschaffung-und-erziehung\/","og_site_name":"akita-frey","article_modified_time":"2017-06-29T15:40:33+00:00","twitter_card":"summary_large_image","twitter_misc":{"Dur\u00e9e de lecture estim\u00e9e":"1 minute"},"schema":{"@context":"https:\/\/schema.org","@graph":[{"@type":"WebPage","@id":"https:\/\/akita-frey.ch\/rasse\/anschaffung-und-erziehung\/","url":"https:\/\/akita-frey.ch\/rasse\/anschaffung-und-erziehung\/","name":"Quelques avertissements - akita-frey","isPartOf":{"@id":"https:\/\/akita-frey.ch\/#website"},"datePublished":"2017-03-15T10:07:47+00:00","dateModified":"2017-06-29T15:40:33+00:00","breadcrumb":{"@id":"https:\/\/akita-frey.ch\/rasse\/anschaffung-und-erziehung\/#breadcrumb"},"inLanguage":"fr-FR","potentialAction":[{"@type":"ReadAction","target":["https:\/\/akita-frey.ch\/rasse\/anschaffung-und-erziehung\/"]}]},{"@type":"BreadcrumbList","@id":"https:\/\/akita-frey.ch\/rasse\/anschaffung-und-erziehung\/#breadcrumb","itemListElement":[{"@type":"ListItem","position":1,"name":"Startseite","item":"https:\/\/akita-frey.ch\/fr\/"},{"@type":"ListItem","position":2,"name":"Quelques avertissements"}]},{"@type":"WebSite","@id":"https:\/\/akita-frey.ch\/#website","url":"https:\/\/akita-frey.ch\/","name":"akita-frey","description":"AKTIA INU OF IKENOHATADE","potentialAction":[{"@type":"SearchAction","target":{"@type":"EntryPoint","urlTemplate":"https:\/\/akita-frey.ch\/?s={search_term_string}"},"query-input":{"@type":"PropertyValueSpecification","valueRequired":true,"valueName":"search_term_string"}}],"inLanguage":"fr-FR"}]}},"_links":{"self":[{"href":"https:\/\/akita-frey.ch\/fr\/wp-json\/wp\/v2\/pages\/806\/"}],"collection":[{"href":"https:\/\/akita-frey.ch\/fr\/wp-json\/wp\/v2\/pages\/"}],"about":[{"href":"https:\/\/akita-frey.ch\/fr\/wp-json\/wp\/v2\/types\/page\/"}],"author":[{"embeddable":true,"href":"https:\/\/akita-frey.ch\/fr\/wp-json\/wp\/v2\/users\/1\/"}],"replies":[{"embeddable":true,"href":"https:\/\/akita-frey.ch\/fr\/wp-json\/wp\/v2\/comments\/?post=806"}],"version-history":[{"count":3,"href":"https:\/\/akita-frey.ch\/fr\/wp-json\/wp\/v2\/pages\/806\/revisions\/"}],"predecessor-version":[{"id":1106,"href":"https:\/\/akita-frey.ch\/fr\/wp-json\/wp\/v2\/pages\/806\/revisions\/1106\/"}],"wp:attachment":[{"href":"https:\/\/akita-frey.ch\/fr\/wp-json\/wp\/v2\/media\/?parent=806"}],"curies":[{"name":"wp","href":"https:\/\/api.w.org\/{rel}","templated":true}]}}