{"id":1551,"date":"2018-12-24T15:03:23","date_gmt":"2018-12-24T14:03:23","guid":{"rendered":"http:\/\/akita-frey.ch\/femelles\/nrinka\/"},"modified":"2020-12-26T16:09:31","modified_gmt":"2020-12-26T15:09:31","slug":"nrinka","status":"publish","type":"page","link":"https:\/\/akita-frey.ch\/fr\/femelles\/nrinka\/","title":{"rendered":"N&rsquo;Rinka Go"},"content":{"rendered":"[vc_row][vc_column][vc_column_text]\n<h1>N&rsquo;Rinka Go of Ikenohatade<\/h1>\n[\/vc_column_text][vc_row_inner][vc_column_inner width=\u00a0\u00bb1\/2&Prime;][vc_column_text]<b>Date de naissance: <\/b>29.06.2017<\/p>\n<p><b>Eleveur:<\/b> Andreas Frey<\/p>\n<p><b>Dysplasie: <\/b>AA<b><br \/>\n<\/b><\/p>\n<p>Aucune tare oculaire d\u00e9cel\u00e9e (13.07.18)<\/p>\n<p><b>Caract\u00e8re:<\/b> tr\u00e8s gentille et tr\u00e8s affectueux[\/vc_column_text][\/vc_column_inner][vc_column_inner width=\u00a0\u00bb1\/2&Prime;][vc_single_image image=\u00a0\u00bb1475&Prime; img_size=\u00a0\u00bbfull\u00a0\u00bb][\/vc_column_inner][\/vc_row_inner][\/vc_column][\/vc_row][vc_row][vc_column][vc_column_text]Pedigree de N&rsquo;Rinka Go of Ikenohatade[\/vc_column_text][vc_single_image image=\u00a0\u00bb1479&Prime; img_size=\u00a0\u00bbfull\u00a0\u00bb alignment=\u00a0\u00bbright\u00a0\u00bb][\/vc_column][\/vc_row][vc_row][vc_column][vc_gallery type=\u00a0\u00bbimage_grid\u00a0\u00bb images=\u00a0\u00bb1482,1485,1488,1491,1494,1497,1500,1503,1509,1506,1521,1524,1527,1530,1533,1536,1539&Prime; img_size=\u00a0\u00bbmedium\u00a0\u00bb][\/vc_column][\/vc_row]\n","protected":false},"excerpt":{"rendered":"<p>[vc_row][vc_column][vc_column_text] N&rsquo;Rinka Go of Ikenohatade [\/vc_column_text][vc_row_inner][vc_column_inner width=\u00a0\u00bb1\/2&Prime;][vc_column_text]Date de naissance: 29.06.2017 Eleveur: Andreas Frey Dysplasie: AA Aucune tare oculaire d\u00e9cel\u00e9e (13.07.18) Caract\u00e8re: tr\u00e8s gentille et tr\u00e8s affectueux[\/vc_column_text][\/vc_column_inner][vc_column_inner width=\u00a0\u00bb1\/2&Prime;][vc_single_image image=\u00a0\u00bb1475&Prime; img_size=\u00a0\u00bbfull\u00a0\u00bb][\/vc_column_inner][\/vc_row_inner][\/vc_column][\/vc_row][vc_row][vc_column][vc_column_text]Pedigree de N&rsquo;Rinka Go of Ikenohatade[\/vc_column_text][vc_single_image image=\u00a0\u00bb1479&Prime; img_size=\u00a0\u00bbfull\u00a0\u00bb alignment=\u00a0\u00bbright\u00a0\u00bb][\/vc_column][\/vc_row][vc_row][vc_column][vc_gallery type=\u00a0\u00bbimage_grid\u00a0\u00bb images=\u00a0\u00bb1482,1485,1488,1491,1494,1497,1500,1503,1509,1506,1521,1524,1527,1530,1533,1536,1539&Prime; img_size=\u00a0\u00bbmedium\u00a0\u00bb][\/vc_column][\/vc_row]<\/p>\n","protected":false},"author":3,"featured_media":0,"parent":857,"menu_order":5,"comment_status":"closed","ping_status":"closed","template":"","meta":{"footnotes":""},"class_list":["post-1551","page","type-page","status-publish","hentry","entry","post-inner"],"yoast_head":"<!-- This site is optimized with the Yoast SEO plugin v23.8 - https:\/\/yoast.com\/wordpress\/plugins\/seo\/ -->\n<title>N&#039;Rinka Go - akita-frey<\/title>\n<meta name=\"robots\" content=\"index, follow, max-snippet:-1, max-image-preview:large, max-video-preview:-1\" \/>\n<link rel=\"canonical\" href=\"https:\/\/akita-frey.ch\/fr\/huendinnen\/nrinka\/\" \/>\n<meta property=\"og:locale\" content=\"fr_FR\" \/>\n<meta property=\"og:type\" content=\"article\" \/>\n<meta property=\"og:title\" content=\"N&#039;Rinka Go - akita-frey\" \/>\n<meta property=\"og:description\" content=\"[vc_row][vc_column][vc_column_text] N&rsquo;Rinka Go of Ikenohatade [\/vc_column_text][vc_row_inner][vc_column_inner width=\u00a0\u00bb1\/2&Prime;][vc_column_text]Date de naissance: 29.06.2017 Eleveur: Andreas Frey Dysplasie: AA Aucune tare oculaire d\u00e9cel\u00e9e (13.07.18) Caract\u00e8re: tr\u00e8s gentille et tr\u00e8s affectueux[\/vc_column_text][\/vc_column_inner][vc_column_inner width=\u00a0\u00bb1\/2&Prime;][vc_single_image image=\u00a0\u00bb1475&Prime; img_size=\u00a0\u00bbfull\u00a0\u00bb][\/vc_column_inner][\/vc_row_inner][\/vc_column][\/vc_row][vc_row][vc_column][vc_column_text]Pedigree de N&rsquo;Rinka Go of Ikenohatade[\/vc_column_text][vc_single_image image=\u00a0\u00bb1479&Prime; img_size=\u00a0\u00bbfull\u00a0\u00bb alignment=\u00a0\u00bbright\u00a0\u00bb][\/vc_column][\/vc_row][vc_row][vc_column][vc_gallery type=\u00a0\u00bbimage_grid\u00a0\u00bb images=\u00a0\u00bb1482,1485,1488,1491,1494,1497,1500,1503,1509,1506,1521,1524,1527,1530,1533,1536,1539&Prime; img_size=\u00a0\u00bbmedium\u00a0\u00bb][\/vc_column][\/vc_row]\" \/>\n<meta property=\"og:url\" content=\"https:\/\/akita-frey.ch\/huendinnen\/nrinka\/\" \/>\n<meta property=\"og:site_name\" content=\"akita-frey\" \/>\n<meta property=\"article:modified_time\" content=\"2020-12-26T15:09:31+00:00\" \/>\n<meta name=\"twitter:card\" content=\"summary_large_image\" \/>\n<meta name=\"twitter:label1\" content=\"Dur\u00e9e de lecture estim\u00e9e\" \/>\n\t<meta name=\"twitter:data1\" content=\"1 minute\" \/>\n<script type=\"application\/ld+json\" class=\"yoast-schema-graph\">{\"@context\":\"https:\/\/schema.org\",\"@graph\":[{\"@type\":\"WebPage\",\"@id\":\"https:\/\/akita-frey.ch\/huendinnen\/nrinka\/\",\"url\":\"https:\/\/akita-frey.ch\/huendinnen\/nrinka\/\",\"name\":\"N'Rinka Go - akita-frey\",\"isPartOf\":{\"@id\":\"https:\/\/akita-frey.ch\/#website\"},\"datePublished\":\"2018-12-24T14:03:23+00:00\",\"dateModified\":\"2020-12-26T15:09:31+00:00\",\"breadcrumb\":{\"@id\":\"https:\/\/akita-frey.ch\/huendinnen\/nrinka\/#breadcrumb\"},\"inLanguage\":\"fr-FR\",\"potentialAction\":[{\"@type\":\"ReadAction\",\"target\":[\"https:\/\/akita-frey.ch\/huendinnen\/nrinka\/\"]}]},{\"@type\":\"BreadcrumbList\",\"@id\":\"https:\/\/akita-frey.ch\/huendinnen\/nrinka\/#breadcrumb\",\"itemListElement\":[{\"@type\":\"ListItem\",\"position\":1,\"name\":\"Startseite\",\"item\":\"https:\/\/akita-frey.ch\/fr\/\"},{\"@type\":\"ListItem\",\"position\":2,\"name\":\"Femelles\",\"item\":\"https:\/\/akita-frey.ch\/fr\/femelles\/\"},{\"@type\":\"ListItem\",\"position\":3,\"name\":\"N&#8217;Rinka Go\"}]},{\"@type\":\"WebSite\",\"@id\":\"https:\/\/akita-frey.ch\/#website\",\"url\":\"https:\/\/akita-frey.ch\/\",\"name\":\"akita-frey\",\"description\":\"AKTIA INU OF IKENOHATADE\",\"potentialAction\":[{\"@type\":\"SearchAction\",\"target\":{\"@type\":\"EntryPoint\",\"urlTemplate\":\"https:\/\/akita-frey.ch\/?s={search_term_string}\"},\"query-input\":{\"@type\":\"PropertyValueSpecification\",\"valueRequired\":true,\"valueName\":\"search_term_string\"}}],\"inLanguage\":\"fr-FR\"}]}<\/script>\n<!-- \/ Yoast SEO plugin. -->","yoast_head_json":{"title":"N'Rinka Go - akita-frey","robots":{"index":"index","follow":"follow","max-snippet":"max-snippet:-1","max-image-preview":"max-image-preview:large","max-video-preview":"max-video-preview:-1"},"canonical":"https:\/\/akita-frey.ch\/fr\/huendinnen\/nrinka\/","og_locale":"fr_FR","og_type":"article","og_title":"N'Rinka Go - akita-frey","og_description":"[vc_row][vc_column][vc_column_text] N&rsquo;Rinka Go of Ikenohatade [\/vc_column_text][vc_row_inner][vc_column_inner width=\u00a0\u00bb1\/2&Prime;][vc_column_text]Date de naissance: 29.06.2017 Eleveur: Andreas Frey Dysplasie: AA Aucune tare oculaire d\u00e9cel\u00e9e (13.07.18) Caract\u00e8re: tr\u00e8s gentille et tr\u00e8s affectueux[\/vc_column_text][\/vc_column_inner][vc_column_inner width=\u00a0\u00bb1\/2&Prime;][vc_single_image image=\u00a0\u00bb1475&Prime; img_size=\u00a0\u00bbfull\u00a0\u00bb][\/vc_column_inner][\/vc_row_inner][\/vc_column][\/vc_row][vc_row][vc_column][vc_column_text]Pedigree de N&rsquo;Rinka Go of Ikenohatade[\/vc_column_text][vc_single_image image=\u00a0\u00bb1479&Prime; img_size=\u00a0\u00bbfull\u00a0\u00bb alignment=\u00a0\u00bbright\u00a0\u00bb][\/vc_column][\/vc_row][vc_row][vc_column][vc_gallery type=\u00a0\u00bbimage_grid\u00a0\u00bb images=\u00a0\u00bb1482,1485,1488,1491,1494,1497,1500,1503,1509,1506,1521,1524,1527,1530,1533,1536,1539&Prime; img_size=\u00a0\u00bbmedium\u00a0\u00bb][\/vc_column][\/vc_row]","og_url":"https:\/\/akita-frey.ch\/huendinnen\/nrinka\/","og_site_name":"akita-frey","article_modified_time":"2020-12-26T15:09:31+00:00","twitter_card":"summary_large_image","twitter_misc":{"Dur\u00e9e de lecture estim\u00e9e":"1 minute"},"schema":{"@context":"https:\/\/schema.org","@graph":[{"@type":"WebPage","@id":"https:\/\/akita-frey.ch\/huendinnen\/nrinka\/","url":"https:\/\/akita-frey.ch\/huendinnen\/nrinka\/","name":"N'Rinka Go - akita-frey","isPartOf":{"@id":"https:\/\/akita-frey.ch\/#website"},"datePublished":"2018-12-24T14:03:23+00:00","dateModified":"2020-12-26T15:09:31+00:00","breadcrumb":{"@id":"https:\/\/akita-frey.ch\/huendinnen\/nrinka\/#breadcrumb"},"inLanguage":"fr-FR","potentialAction":[{"@type":"ReadAction","target":["https:\/\/akita-frey.ch\/huendinnen\/nrinka\/"]}]},{"@type":"BreadcrumbList","@id":"https:\/\/akita-frey.ch\/huendinnen\/nrinka\/#breadcrumb","itemListElement":[{"@type":"ListItem","position":1,"name":"Startseite","item":"https:\/\/akita-frey.ch\/fr\/"},{"@type":"ListItem","position":2,"name":"Femelles","item":"https:\/\/akita-frey.ch\/fr\/femelles\/"},{"@type":"ListItem","position":3,"name":"N&#8217;Rinka Go"}]},{"@type":"WebSite","@id":"https:\/\/akita-frey.ch\/#website","url":"https:\/\/akita-frey.ch\/","name":"akita-frey","description":"AKTIA INU OF IKENOHATADE","potentialAction":[{"@type":"SearchAction","target":{"@type":"EntryPoint","urlTemplate":"https:\/\/akita-frey.ch\/?s={search_term_string}"},"query-input":{"@type":"PropertyValueSpecification","valueRequired":true,"valueName":"search_term_string"}}],"inLanguage":"fr-FR"}]}},"_links":{"self":[{"href":"https:\/\/akita-frey.ch\/fr\/wp-json\/wp\/v2\/pages\/1551\/"}],"collection":[{"href":"https:\/\/akita-frey.ch\/fr\/wp-json\/wp\/v2\/pages\/"}],"about":[{"href":"https:\/\/akita-frey.ch\/fr\/wp-json\/wp\/v2\/types\/page\/"}],"author":[{"embeddable":true,"href":"https:\/\/akita-frey.ch\/fr\/wp-json\/wp\/v2\/users\/3\/"}],"replies":[{"embeddable":true,"href":"https:\/\/akita-frey.ch\/fr\/wp-json\/wp\/v2\/comments\/?post=1551"}],"version-history":[{"count":7,"href":"https:\/\/akita-frey.ch\/fr\/wp-json\/wp\/v2\/pages\/1551\/revisions\/"}],"predecessor-version":[{"id":2081,"href":"https:\/\/akita-frey.ch\/fr\/wp-json\/wp\/v2\/pages\/1551\/revisions\/2081\/"}],"up":[{"embeddable":true,"href":"https:\/\/akita-frey.ch\/fr\/wp-json\/wp\/v2\/pages\/857\/"}],"wp:attachment":[{"href":"https:\/\/akita-frey.ch\/fr\/wp-json\/wp\/v2\/media\/?parent=1551"}],"curies":[{"name":"wp","href":"https:\/\/api.w.org\/{rel}","templated":true}]}}